{"id":518,"date":"2024-06-30T16:49:46","date_gmt":"2024-06-30T16:49:46","guid":{"rendered":"https:\/\/ivrt.de\/?page_id=518"},"modified":"2026-03-02T13:55:49","modified_gmt":"2026-03-02T12:55:49","slug":"widerrufsbelehrung","status":"publish","type":"page","link":"https:\/\/ivrt.de\/nl\/shop\/widerrufsbelehrung\/","title":{"rendered":"Annuleringsvoorwaarden"},"content":{"rendered":"<h3 class=\"wp-block-heading\">1. Widerrufsrecht<\/h3>\n\n\n\n<p>Sie haben das Recht, binnen vierzehn Tagen ohne Angabe von Gr\u00fcnden diesen Vertrag zu widerrufen.<\/p>\n\n\n\n<h3 class=\"wp-block-heading\">2. Widerrufsfrist<\/h3>\n\n\n\n<p>Die Widerrufsfrist betr\u00e4gt vierzehn Tage ab dem Tag, an dem Sie oder ein von Ihnen benannter Dritter, der nicht der Bef\u00f6rderer ist, die Waren in Besitz genommen haben bzw. hat.<\/p>\n\n\n\n<h3 class=\"wp-block-heading\">3. Adresse<\/h3>\n\n\n\n<p>Om gebruik te maken van uw herroepingsrecht, dient u ons (Firat Kesgin, IVRT, Planckstra\u00dfe 13, 22765 Hamburg, Duitsland, Telefoon: +49 40 39815300, E-mail: shop@ivrt.de\n) via een ondubbelzinnige verklaring (bijvoorbeeld een per post verzonden brief of e-mail) op de hoogte te stellen van uw beslissing om de overeenkomst te herroepen. U kunt hiervoor het bijgevoegde modelformulier voor herroeping gebruiken, maar dit is niet verplicht.<\/p>\n\n\n\n<h3 class=\"wp-block-heading\">4. Einhaltung der Frist<\/h3>\n\n\n\n<p>Zur Wahrung der Widerrufsfrist reicht es aus, dass Sie die Mitteilung \u00fcber die Aus\u00fcbung des Widerrufsrechts vor Ablauf der Widerrufsfrist absenden.<\/p>\n\n\n\n<h3 class=\"wp-block-heading\">5. Folgen des Widerrufs<\/h3>\n\n\n\n<p>Wenn Sie diesen Vertrag widerrufen, haben wir Ihnen alle Zahlungen, die wir von Ihnen erhalten haben, einschlie\u00dflich der Lieferkosten (mit Ausnahme der zus\u00e4tzlichen Kosten, die sich daraus ergeben, dass Sie eine andere Art der Lieferung als die von uns angebotene, g\u00fcnstigste Standardlieferung gew\u00e4hlt haben), unverz\u00fcglich und sp\u00e4testens binnen vierzehn Tagen ab dem Tag zur\u00fcckzuzahlen, an dem die Mitteilung \u00fcber Ihren Widerruf dieses Vertrags bei uns eingegangen ist. F\u00fcr diese R\u00fcckzahlung verwenden wir dasselbe Zahlungsmittel, das Sie bei der urspr\u00fcnglichen Transaktion eingesetzt haben, es sei denn, mit Ihnen wurde ausdr\u00fccklich etwas anderes vereinbart; in keinem Fall werden Ihnen wegen dieser R\u00fcckzahlung Entgelte berechnet.<\/p>\n\n\n\n<p>Haben Sie verlangt, dass die Dienstleistungen w\u00e4hrend der Widerrufsfrist beginnen sollen, zum Beispiel beim Kauf von Onlinekursen oder der Freischaltung f\u00fcr die Therapeutensuche, so verzichten Sie damit auf Ihr Widerrufsrecht. Es wird der gesamte Zahlungsbetrag durch die von uns bereits erbrachte Dienstleistung f\u00e4llig.<\/p>\n\n\n\n<h3 class=\"wp-block-heading\">6. Zur\u00fcckbehaltungsrecht<\/h3>\n\n\n\n<p>Wir k\u00f6nnen die R\u00fcckzahlung verweigern, bis wir die Waren wieder zur\u00fcckerhalten haben oder bis Sie den Nachweis erbracht haben, dass Sie die Waren zur\u00fcckgesandt haben, je nachdem, welches der fr\u00fchere Zeitpunkt ist.<\/p>\n\n\n\n<h3 class=\"wp-block-heading\">7. R\u00fccksendung der Waren<\/h3>\n\n\n\n<p>Sie haben die Waren unverz\u00fcglich und in jedem Fall sp\u00e4testens binnen vierzehn Tagen ab dem Tag, an dem Sie uns \u00fcber den Widerruf dieses Vertrags unterrichten, an uns zur\u00fcckzusenden oder zu \u00fcbergeben. Die Frist ist gewahrt, wenn Sie die Waren vor Ablauf der Frist von vierzehn Tagen absenden.<\/p>\n\n\n\n<h3 class=\"wp-block-heading\">8. R\u00fccksendekosten<\/h3>\n\n\n\n<p>Sie tragen die unmittelbaren Kosten der R\u00fccksendung der Waren.<\/p>\n\n\n\n<h3 class=\"wp-block-heading\">9. Wertersatz bei Vertr\u00e4gen \u00fcber Warenlieferungen<\/h3>\n\n\n\n<p>Sie m\u00fcssen f\u00fcr einen etwaigen Wertverlust der Waren nur aufkommen, wenn dieser Wertverlust auf einen zur Pr\u00fcfung der Beschaffenheit, Eigenschaften und Funktionsweise der Waren nicht notwendigen Umgang mit ihnen zur\u00fcckzuf\u00fchren ist.<\/p>\n\n\n\n<h3 class=\"wp-block-heading\">Widerrufsformular<\/h3>\n\n\n\n<p>Wenn Sie den Vertrag widerrufen wollen, dann f\u00fcllen Sie bitte dieses Formular aus und senden es zur\u00fcck.<\/p>\n\n\n\n<p>An<\/p>\n\n\n\n<p>Institut f\u00fcr vestibul\u00e4re Rehabilitation (IVRT)<br>Planckstra\u00dfe 13<br>22765 Hamburg<br>Duitsland<br>E-Mail: shop@ivrt.de<\/p>\n\n\n\n<p><strong>R\u00fccksendungen sind zu senden an:<\/strong><br>Institut f\u00fcr vestibul\u00e4re Rehabilitation (IVRT)<br>Planckstra\u00dfe 13<br>22765 Hamburg&nbsp;<\/p>\n\n\n\n<p>Hiermit widerrufe(n) ich\/wir (*) den von mir\/uns (*) abgeschlossenen Vertrag \u00fcber den Kauf der folgenden Waren (*)\/die Erbringung der folgenden Dienstleistung (*)<\/p>\n\n\n\n<p>_______________________________________________________<\/p>\n\n\n\n<p>_______________________________________________________<\/p>\n\n\n\n<p>Bestellt am (*) ____________ \/ erhalten am (*) __________________<\/p>\n\n\n\n<p>________________________________________________________<br>Name des\/der Verbraucher(s)<\/p>\n\n\n\n<p>________________________________________________________<br>Anschrift des\/der Verbraucher(s)<\/p>\n\n\n\n<p>________________________________________________________<br>Unterschrift des\/der Verbraucher(s) (nur bei Mitteilung auf Papier)<\/p>\n\n\n\n<p>_________________________<br>Datum<\/p>\n\n\n\n<p>(*) Unzutreffendes streichen<\/p>","protected":false},"excerpt":{"rendered":"<p>1. Widerrufsrecht Sie haben das Recht, binnen vierzehn Tagen ohne Angabe von Gr\u00fcnden diesen Vertrag zu widerrufen. 2. Widerrufsfrist Die Widerrufsfrist betr\u00e4gt vierzehn Tage ab dem Tag, an dem Sie oder ein von Ihnen benannter Dritter, der nicht der Bef\u00f6rderer ist, die Waren in Besitz genommen haben bzw. hat. 3. Adresse Um Ihr Widerrufsrecht auszu\u00fcben, [&hellip;]<\/p>\n","protected":false},"author":11,"featured_media":0,"parent":1356,"menu_order":0,"comment_status":"closed","ping_status":"closed","template":"","meta":{"_surecart_dashboard_logo_width":"180px","_surecart_dashboard_show_logo":true,"_surecart_dashboard_navigation_orders":true,"_surecart_dashboard_navigation_invoices":true,"_surecart_dashboard_navigation_subscriptions":true,"_surecart_dashboard_navigation_downloads":true,"_surecart_dashboard_navigation_billing":true,"_surecart_dashboard_navigation_account":true,"_jf_save_progress":"","iawp_total_views":120,"footnotes":""},"class_list":["post-518","page","type-page","status-publish","hentry"],"_links":{"self":[{"href":"https:\/\/ivrt.de\/nl\/wp-json\/wp\/v2\/pages\/518","targetHints":{"allow":["GET"]}}],"collection":[{"href":"https:\/\/ivrt.de\/nl\/wp-json\/wp\/v2\/pages"}],"about":[{"href":"https:\/\/ivrt.de\/nl\/wp-json\/wp\/v2\/types\/page"}],"author":[{"embeddable":true,"href":"https:\/\/ivrt.de\/nl\/wp-json\/wp\/v2\/users\/11"}],"replies":[{"embeddable":true,"href":"https:\/\/ivrt.de\/nl\/wp-json\/wp\/v2\/comments?post=518"}],"version-history":[{"count":1,"href":"https:\/\/ivrt.de\/nl\/wp-json\/wp\/v2\/pages\/518\/revisions"}],"predecessor-version":[{"id":17586,"href":"https:\/\/ivrt.de\/nl\/wp-json\/wp\/v2\/pages\/518\/revisions\/17586"}],"up":[{"embeddable":true,"href":"https:\/\/ivrt.de\/nl\/wp-json\/wp\/v2\/pages\/1356"}],"wp:attachment":[{"href":"https:\/\/ivrt.de\/nl\/wp-json\/wp\/v2\/media?parent=518"}],"curies":[{"name":"wp","href":"https:\/\/api.w.org\/{rel}","templated":true}]}}