{"id":517,"date":"2024-06-30T16:49:33","date_gmt":"2024-06-30T16:49:33","guid":{"rendered":"https:\/\/ivrt.de\/?page_id=517"},"modified":"2025-06-13T08:45:04","modified_gmt":"2025-06-13T06:45:04","slug":"leveringsvoorwaarden","status":"publish","type":"page","link":"https:\/\/ivrt.de\/nl\/shop\/lieferbedingungen\/","title":{"rendered":"Leveringsvoorwaarden"},"content":{"rendered":"<h1 class=\"wp-block-heading\">Allgemeine Versandinformationen<\/h1>\n\n\n\n<p>Bitte beachte, dass Lieferungen nur an private Adresse geliefert werden k\u00f6nnen, jedoch nicht direkt an Krankenh\u00e4user, Kliniken und Reha-Einrichtungen.<br>Die Versandkosten kannst du den einzelnen Produkten entnehmen und werden dir am Ende deiner Bestellung vor der Bezahlung angezeigt.<\/p>\n\n\n\n<h3 class=\"wp-block-heading\">Wichtige Informationen zum Versand in andere L\u00e4nder<\/h3>\n\n\n\n<p>Internationale Sendungen k\u00f6nnen Z\u00f6lle, Steuern und anderen Geb\u00fchren unterliegen, die nicht im Gesamtpreis enthalten sind.<\/p>\n\n\n\n<h3 class=\"wp-block-heading\">Lieferzeiten<\/h3>\n\n\n\n<p>Die Lieferzeiten kannst du den einzelnen Produkten entnehmen und werden dir am Ende deiner Bestellung vor der Bezahlung angezeigt.<\/p>\n\n\n\n<h3 class=\"wp-block-heading\">L\u00e4nder, in die wir versenden<\/h3>\n\n\n\n<p>Albanien, Andorra, Belgien, Bosnien-Herzegowina, Bulgarien, D\u00e4nemark, Deutschland, Estland, F\u00e4r\u00f6er, Finnland, Frankreich, Griechenland, Gr\u00f6nland, Island, Irland, Italien, Kroatien, Lettland, Litauen, Luxemburg, Malta, Monaco, Montenegro, Niederlande, Nordmazedonien, Norwegen, \u00d6sterreich, Polen, Portugal, Republik Moldau, Rum\u00e4nien, San Marino, Schweden, Schweiz, Serbien, Slowakei, Slowenien, Spanien, Tschechische Republik, Ukraine, Ungarn, Vatikanstadt, Vereinigtes K\u00f6nigreich, Wei\u00dfrussland<\/p>","protected":false},"excerpt":{"rendered":"<p>Allgemeine Versandinformationen Bitte beachte, dass Lieferungen nur an private Adresse geliefert werden k\u00f6nnen, jedoch nicht direkt an Krankenh\u00e4user, Kliniken und Reha-Einrichtungen.Die Versandkosten kannst du den einzelnen Produkten entnehmen und werden dir am Ende deiner Bestellung vor der Bezahlung angezeigt. Wichtige Informationen zum Versand in andere L\u00e4nder Internationale Sendungen k\u00f6nnen Z\u00f6lle, Steuern und anderen Geb\u00fchren unterliegen, [&hellip;]<\/p>\n","protected":false},"author":11,"featured_media":0,"parent":1356,"menu_order":0,"comment_status":"closed","ping_status":"closed","template":"","meta":{"_surecart_dashboard_logo_width":"180px","_surecart_dashboard_show_logo":true,"_surecart_dashboard_navigation_orders":true,"_surecart_dashboard_navigation_invoices":true,"_surecart_dashboard_navigation_subscriptions":true,"_surecart_dashboard_navigation_downloads":true,"_surecart_dashboard_navigation_billing":true,"_surecart_dashboard_navigation_account":true,"_jf_save_progress":"","iawp_total_views":378,"footnotes":""},"class_list":["post-517","page","type-page","status-publish","hentry"],"_links":{"self":[{"href":"https:\/\/ivrt.de\/nl\/wp-json\/wp\/v2\/pages\/517","targetHints":{"allow":["GET"]}}],"collection":[{"href":"https:\/\/ivrt.de\/nl\/wp-json\/wp\/v2\/pages"}],"about":[{"href":"https:\/\/ivrt.de\/nl\/wp-json\/wp\/v2\/types\/page"}],"author":[{"embeddable":true,"href":"https:\/\/ivrt.de\/nl\/wp-json\/wp\/v2\/users\/11"}],"replies":[{"embeddable":true,"href":"https:\/\/ivrt.de\/nl\/wp-json\/wp\/v2\/comments?post=517"}],"version-history":[{"count":0,"href":"https:\/\/ivrt.de\/nl\/wp-json\/wp\/v2\/pages\/517\/revisions"}],"up":[{"embeddable":true,"href":"https:\/\/ivrt.de\/nl\/wp-json\/wp\/v2\/pages\/1356"}],"wp:attachment":[{"href":"https:\/\/ivrt.de\/nl\/wp-json\/wp\/v2\/media?parent=517"}],"curies":[{"name":"wp","href":"https:\/\/api.w.org\/{rel}","templated":true}]}}