{"id":516,"date":"2024-06-30T16:45:29","date_gmt":"2024-06-30T16:45:29","guid":{"rendered":"https:\/\/ivrt.de\/?page_id=516"},"modified":"2025-11-27T10:02:16","modified_gmt":"2025-11-27T09:02:16","slug":"agb","status":"publish","type":"page","link":"https:\/\/ivrt.de\/nl\/shop\/agb\/","title":{"rendered":"GTC"},"content":{"rendered":"<p>Der besseren Lesbarkeit halber, haben wir die AGB im generischen Maskulinum verfasst. Angesprochen sind selbstverst\u00e4ndlich aber immer alle Kundinnen und Kunden.<\/p>\n\n\n\n<h2 class=\"wp-block-heading\"><strong>\u00a7 1 Verk\u00e4ufer<\/strong><\/h2>\n\n\n\n<p>Als Verk\u00e4ufer dieser AGB gilt:<\/p>\n\n\n\n<p>Firat Kesgin<br>Institut f\u00fcr vestibul\u00e4re Rehabilitationstherapie (IVRT\u00ae)<br>Planckstra\u00dfe 13<br>22765 Hamburg<\/p>\n\n\n\n<p>Duitsland<\/p>\n\n\n\n<h2 class=\"wp-block-heading\"><strong>\u00a7 2 Geltungsbereich<\/strong><\/h2>\n\n\n\n<p>Diese Allgemeinen Gesch\u00e4ftsbedingungen gelten f\u00fcr alle Rechtsgesch\u00e4fte zwischen dem Verk\u00e4ufer und einem Verbraucher oder Unternehmer (nachfolgend \u201eKunde\u201c) mit dem Verk\u00e4ufer hinsichtlich der vom Verk\u00e4ufer in seinem Onineshop dargestellten Waren abschlie\u00dft. Hiermit wird der Einbeziehung von eigenen Bedingungen des Kunden widersprochen, es sei denn, es ist etwas anderes vereinbart.<\/p>\n\n\n\n<p>F\u00fcr Vertr\u00e4ge zur Bereitstellung von digitalen Inhalten gelten diese AGB entsprechend, sofern insoweit nicht etwas Abweichendes geregelt ist. Digitale Inhalte im Sinne dieser AGB sind Daten, die in digitaler Form erstellt und bereitgestellt werden<\/p>\n\n\n\n<p>Verbraucher im Sinne dieser AGB ist jede nat\u00fcrliche Person, die ein Rechtsgesch\u00e4ft zu Zwecken abschlie\u00dft, die \u00fcberwiegend weder ihrer gewerblichen noch ihrer selbst\u00e4ndigen beruflichen T\u00e4tigkeit zugerechnet werden k\u00f6nnen.<\/p>\n\n\n\n<p>Unternehmer im Sinne dieser AGB ist eine nat\u00fcrliche oder juristische Person oder eine rechtsf\u00e4hige Personengesellschaft, die bei Abschluss eines Rechtsgesch\u00e4fts in Aus\u00fcbung ihrer gewerblichen oder selbst\u00e4ndigen beruflichen T\u00e4tigkeit handelt.<\/p>\n\n\n\n<p>Gegenstand des Vertrages kann \u2013 je nach Produktbeschreibung des Verk\u00e4ufers &#8211; sowohl der Bezug von Waren im Wege einer Einmallieferung als auch der Bezug von Waren im Wege einer dauerhaften Lieferung sein. Bei einer dauerhaften Lieferung verpflichtet sich der Verk\u00e4ufer, dem Kunden die vertraglich geschuldete Ware f\u00fcr die Dauer der vereinbarten zu liefern.<\/p>\n\n\n\n<p>Gegenstand des Vertrages kann \u2013 je nach Inhaltsbeschreibung des Verk\u00e4ufers \u2013 sowohl die einmalige Bereitstellung von digitalen Inhalten als auch die regelm\u00e4\u00dfige Bereitstellung von digitalen Inhalten sein. Bei einer regelm\u00e4\u00dfigen Bereitstellung verpflichtet sich der Verk\u00e4ufer, dem Kunden die vertraglich geschuldeten digitalen Inhalte f\u00fcr die Dauer der vereinbarten Vertragslaufzeit bereitzustellen.<\/p>\n\n\n\n<h2 class=\"wp-block-heading\"><strong>\u00a7 3 Vertragsschluss und Speicherung des Vertragstextes<\/strong><\/h2>\n\n\n\n<p>Die Bestimmungen dieser AGB gelten f\u00fcr Bestellungen, welche Verbraucher \u00fcber die Website www.ivrt.de\/shop des Onlineshops des Instituts f\u00fcr vestibul\u00e4re Rehabilitationstherapie (IVRT\u00ae) abschlie\u00dfen.<\/p>\n\n\n\n<p>Der Vertrag kommt mit dem Verk\u00e4ufer (siehe \u00a7 1) zustande.<\/p>\n\n\n\n<p>Die Vorstellung und Beschreibung der Waren auf der Internetseite des Onlineshops des Instituts f\u00fcr vestibul\u00e4re Rehabilitationstherapie www.ivrt.de\/shop stellt kein Vertragsangebot dar.<\/p>\n\n\n\n<p>Mit der Bestellung einer Ware durch Klicken des den Bestellvorgang abschlie\u00dfenden Buttons ein rechtlich verbindliches Vertragsangebot in Bezug auf die im Warenkorb enthaltenen Waren ab. Ferner kann der Kunde das Angebot auch per E-Mail oder per Online-Kontaktformular gegen\u00fcber dem Verk\u00e4ufer abgeben. Erst mit dem Versand einer Auftragsbest\u00e4tigung per E-Mail durch den Verk\u00e4ufer kommt der Vertragsschluss zustande.<\/p>\n\n\n\n<p>Bei Auswahl einer von PayPal angebotenen Zahlungsart erfolgt die Zahlungsabwicklung \u00fcber den Zahlungsdienstleister PayPal (Europe) S.\u00e0 r.l. et Cie, S.C.A., 22-24 Boulevard Royal, L-2449 Luxemburg (im Folgenden: \u201ePayPal\u201c), unter Geltung der PayPal-Nutzungsbedingungen, einsehbar unter https:\/\/www.paypal.com\/de\/legalhub\/useragreement-full. Zahlt der Kunde mittels einer im Online-Bestellvorgang von PayPal angebotenen Zahlungsart, erkl\u00e4rt der Verk\u00e4ufer schon jetzt die Annahme des Angebots des Kunden in dem Zeitpunkt, in dem der Kunde den Button anklickt, welcher den Bestellvorgang abschlie\u00dft.<\/p>\n\n\n\n<p>Bei Auswahl einer von Stripe angebotenen Zahlungsart erfolgt die Zahlungsabwicklung \u00fcber den Zahlungsdienstleister Stripe Payments Europe, Limited (SPEL),1 Grand Canal Street Lower, Grand Canal Dock, Dublin D02 H210, Irland (im Folgenden: \u201eStripe\u201c), unter Geltung der Stripe-Nutzungsbedingungen, einsehbar unter https:\/\/stripe.com\/de\/legal\/consumer. Zahlt der Kunde mittels einer im Online-Bestellvorgang von Stripe angebotenen Zahlungsart, erkl\u00e4rt der Verk\u00e4ufer schon jetzt die Annahme des Angebots des Kunden in dem Zeitpunkt, in dem der Kunde den Button anklickt, welcher den Bestellvorgang abschlie\u00dft.<\/p>\n\n\n\n<p>Bei Auswahl einer von SureCart angebotenen Zahlungsart erfolgt die Zahlungsabwicklung \u00fcber den Zahlungsdienstleister SureCart Inc, 2055 Limestone Road, STE 200-C, Wilmington, Delaware 19808, USA (im Folgenden: \u201eSureCart\u201c), unter Geltung der SureCart-Nutzungsbedingungen, einsehbar unter https:\/\/surecart.com\/terms-and-conditions\/. Zahlt der Kunde mittels einer im Online-Bestellvorgang von SureCart angebotenen Zahlungsart, erkl\u00e4rt der Verk\u00e4ufer schon jetzt die Annahme des Angebots des Kunden in dem Zeitpunkt, in dem der Kunde den Button anklickt, welcher den Bestellvorgang abschlie\u00dft.<\/p>\n\n\n\n<p>Bei der Abgabe eines Angebots \u00fcber das Online-Bestellformular des Verk\u00e4ufers wird der Vertragstext nach dem Vertragsschluss vom Verk\u00e4ufer gespeichert und dem Kunden nach Absendung von dessen Bestellung in Textform (z. B. E-Mail) \u00fcbermittelt. Eine dar\u00fcberhinausgehende Zug\u00e4nglichmachung des Vertragstextes durch den Verk\u00e4ufer erfolgt nicht. Sofern der Kunde vor Absendung seiner Bestellung ein Nutzerkonto im Onlineshop des Verk\u00e4ufers eingerichtet hat, werden die Bestelldaten auf der Website des Verk\u00e4ufers archiviert und k\u00f6nnen vom Kunden \u00fcber dessen passwortgesch\u00fctztes Benutzerkonto unter Angabe der entsprechenden Login-Daten kostenlos abgerufen werden.<\/p>\n\n\n\n<p>Vor verbindlicher Abgabe der Bestellung \u00fcber das Online-Bestellformular des Verk\u00e4ufers kann der Kunde m\u00f6gliche Eingabefehler durch aufmerksames Lesen der auf dem Bildschirm dargestellten Informationen erkennen. Seine Eingaben kann der Kunde im Rahmen des elektronischen Bestellprozesses so lange \u00fcber die \u00fcblichen Tastatur- und Mausfunktionen korrigieren, bis er Bestellvorgang abschlie\u00dfenden Button anklickt.<\/p>\n\n\n\n<p>F\u00fcr den Vertragsschluss steht die deutsche, englische und holl\u00e4ndische Sprache zur Verf\u00fcgung.<\/p>\n\n\n\n<p>Bestellabwicklung und Kontaktaufnahme finden in der Regel per E-Mail und automatisiert statt. Der Kunde hat sicherzustellen, dass die von ihm zur Bestellabwicklung angegebene E-Mail-Adresse zutreffend ist, so dass unter dieser Adresse die vom Verk\u00e4ufer versandten E-Mails empfangen werden k\u00f6nnen. Insbesondere hat der Kunde bei dem Einsatz von SPAM-Filtern sicherzustellen, dass alle vom Verk\u00e4ufer oder von diesem mit der Bestellabwicklung beauftragten Dritten versandten E-Mails zugestellt werden k\u00f6nnen.<\/p>\n\n\n\n<h2 class=\"wp-block-heading\"><strong>\u00a7 4 Widerrufsrecht<\/strong><\/h2>\n\n\n\n<p>Verbrauchern steht grunds\u00e4tzlich ein Widerrufsrecht zu. N\u00e4here Informationen zum Widerrufsrecht ergeben sich aus der Widerrufsbelehrung des Verk\u00e4ufers.<\/p>\n\n\n\n<h2 class=\"wp-block-heading\"><strong>\u00a7 5 Preise und Zahlungsbedingungen<\/strong><\/h2>\n\n\n\n<p>Die gesetzliche Umsatzsteuer sowie weitere Preisbestandteile sind in den angegebenen Preisen inbegriffen \u2013 sofern nicht anders angegeben. Gegebenenfalls zus\u00e4tzlich anfallende Liefer- und Versandkosten werden in der jeweiligen Produktbeschreibung gesondert angegeben.<\/p>\n\n\n\n<p>Die Zahlungsm\u00f6glichkeit\/en wird\/werden dem Kunden im Onlineshop des Verk\u00e4ufers mitgeteilt.<\/p>\n\n\n\n<p>S\u00e4mtliche Zahlungsvorg\u00e4nge werden \u00fcber Drittanbieter, mit denen das Instituts f\u00fcr vestibul\u00e4re Rehabilitationstherapie (IVRT\u00ae) zwecks Abwicklung des Zahlungsverkehrs zusammenarbeitet (derzeit z. B. PayPal, Stripe, Mastercard, Visa, Google Pay, Apple Pay und American Express), abgewickelt.<\/p>\n\n\n\n<p>Bei Auswahl einer Zahlungsart, die \u00fcber den Dienst \u201ePayPal\u201c angeboten wird, erfolgt die Zahlungsabwicklung durch PayPal. PayPal kann hierf\u00fcr auch die Dienste anderer Zahlungsdienstleister in Anspruch nehmen. Sollte der Anbieter \u00fcber PayPal Zahlungsarten anbieten, bei denen er in Vorleistung geht (z. B. Kauf auf Rechnung oder Ratenzahlung), tritt er seine Forderung an PayPal oder einen von PayPal beauftragten und dem Kunden benannten Zahlungsdienstleister ab. Vor der Annahme dieser Abtretung f\u00fchrt PayPal oder der beauftragte Zahlungsdienstleister eine Bonit\u00e4tspr\u00fcfung anhand der \u00fcbermittelten Kundendaten durch. Bei einem negativen Ergebnis der Pr\u00fcfung beh\u00e4lt sich der Anbieter das Recht vor, die gew\u00e4hlte Zahlungsart abzulehnen. Wird die Zahlungsart zugelassen, ist der Kunde verpflichtet, den Rechnungsbetrag innerhalb der vereinbarten Frist oder in den festgelegten Intervallen zu begleichen. Zahlungen k\u00f6nnen in diesem Fall nur mit befreiender Wirkung an PayPal oder den beauftragten Zahlungsdienstleister geleistet werden. Unabh\u00e4ngig von der Abtretung bleibt der Anbieter weiterhin zust\u00e4ndig f\u00fcr allgemeine Kundenanfragen, wie beispielsweise zur Ware, Lieferzeiten, Versand, R\u00fccksendungen, Reklamationen, Widerruf oder Gutschriften.<\/p>\n\n\n\n<p>Wird eine Zahlungsart gew\u00e4hlt, die \u00fcber den Dienst \u201eStripe\u201c angeboten wird, erfolgt die Zahlungsabwicklung \u00fcber Stripe Payments Europe Ltd., 1 Grand Canal Street Lower, Grand Canal Dock, Dublin, Irland (im Folgenden \u201eStripe\u201c). Die verf\u00fcgbaren Zahlungsarten \u00fcber Stripe werden dem Kunden im Onlineshop des Anbieters angezeigt. Stripe kann zur Zahlungsabwicklung weitere Zahlungsdienste nutzen, f\u00fcr die unter Umst\u00e4nden besondere Zahlungsbedingungen gelten. Hierauf wird der Kunde gegebenenfalls gesondert hingewiesen. Weitere Informationen zu Stripe sind unter https:\/\/stripe.com\/de einsehbar.<\/p>\n\n\n\n<h2 class=\"wp-block-heading\"><strong>\u00a7 6 Lieferung, Lieferungsbeschr\u00e4nkungen<\/strong><\/h2>\n\n\n\n<p>Die Lieferung erfolgt \u2013 sofern die Beschreibung eines gew\u00e4hlten Produkts nicht explizit Abweichendes festlegt \u2013 innerhalb von 7 Werktagen.<\/p>\n\n\n\n<p>Diese Frist beginnt am Tag nach Erhalt des Zahlungsbetrages zu laufen.<\/p>\n\n\n\n<p>Die Lieferung erfolgt innerhalb des vom Verk\u00e4ufer angegebenen Liefergebietes an die vom Kunden angegebene Lieferanschrift &#8211; sofern nichts anderes vereinbart ist. Bei der Abwicklung der Transaktion ist die angegebene Lieferanschrift ma\u00dfgeblich.<\/p>\n\n\n\n<p>Lieferungen k\u00f6nnen nur an private Adresse geliefert werden, jedoch nicht direkt an Krankenh\u00e4user, Kliniken und Reha-Einrichtungen.<\/p>\n\n\n\n<p>Scheitert die Zustellung der Ware aus Gr\u00fcnden, die der Kunde zu vertreten hat, tr\u00e4gt der Kunde die dem Verk\u00e4ufer hierdurch entstehenden angemessenen Kosten. Dies gilt im Hinblick auf die Kosten f\u00fcr die Hinsendung nicht, wenn der Kunde sein Widerrufsrecht wirksam aus\u00fcbt. F\u00fcr die R\u00fccksendekosten gilt bei wirksamer Aus\u00fcbung des Widerrufsrechts durch den Kunden die in der Widerrufsbelehrung des Verk\u00e4ufers hierzu getroffene Regelung.<\/p>\n\n\n\n<p>Selbstabholung ist aus logistischen Gr\u00fcnden nicht m\u00f6glich.<\/p>\n\n\n\n<p>Digitale Inhalte werden dem Kunden wie folgt bereitgestellt: per Download\/Email im Kundenbereich.<\/p>\n\n\n\n<p>Die Wiedergabeaufl\u00f6sung und Qualit\u00e4t der digitalen Inhalte, die Sie erhalten, h\u00e4ngt von verschiedenen Faktoren ab, einschlie\u00dflich des Typs des von Ihnen verwendeten kompatiblen Ger\u00e4ts sowie der Daten\u00fcbertragungsrate, die w\u00e4hrend der Nutzung schwanken kann. Obwohl wir uns bem\u00fchen, Ihnen ein hochwertiges audiovisuelles Erlebnis zu bieten, k\u00f6nnen wir keine Garantie f\u00fcr die Aufl\u00f6sung oder Qualit\u00e4t der gestreamten Inhalte \u00fcbernehmen.<\/p>\n\n\n\n<p>F\u00fcr die Nutzung des Onlineshops, insbesondere f\u00fcr die Teilnahme an Onlinekursen, m\u00fcssen folgende technische Voraussetzungen erf\u00fcllt sein:<\/p>\n\n\n\n<ul class=\"wp-block-list\">\n<li>eine Standard-DSL-Internetverbindung,<\/li>\n\n\n\n<li>ein aktueller Internetbrowser,<\/li>\n\n\n\n<li>Lautsprecher.<\/li>\n<\/ul>\n\n\n\n<p>Die Kunden sind verpflichtet, diese technischen Mindestanforderungen zu erf\u00fcllen und eventuelle technische St\u00f6rungen, die in ihrer Verantwortung liegen, eigenst\u00e4ndig zu beheben. Bei der Teilnahme an Onlinekursen erh\u00e4lt der Kunde zus\u00e4tzlich zum Onlinezugang auch digitale Kursunterlagen (z.B. PDF-Format). Der Zugang zum Onlinekurs erfolgt auf eigene Kosten \u00fcber eine bestehende Internetverbindung, die mit einem aktuellen Browser aufgerufen werden kann.<\/p>\n\n\n\n<p>Aus technischen Gr\u00fcnden kann die dauerhafte und vollst\u00e4ndige Verf\u00fcgbarkeit der Server, auf denen der Onlineshop betrieben wird, nicht garantiert werden. Gelegentlich kann die Verf\u00fcgbarkeit, insbesondere aufgrund notwendiger Wartungs- oder Reparaturarbeiten, eingeschr\u00e4nkt sein. Im Falle eines unvorhergesehenen Systemausfalls werden die Kunden nach M\u00f6glichkeit \u00fcber den Umfang und die voraussichtliche Dauer des Ausfalls informiert.<\/p>\n\n\n\n<p>Der Verk\u00e4ufer \u00fcbernimmt insbesondere keine Garantie daf\u00fcr, dass:<\/p>\n\n\n\n<p>Ihre Nutzung der Dienste Ihre Erwartungen erf\u00fcllt,<\/p>\n\n\n\n<p>die Dienste ununterbrochen, rechtzeitig, sicher und fehlerfrei verf\u00fcgbar sind.<\/p>\n\n\n\n<p>Der Verk\u00e4ufer beh\u00e4lt sich das Recht vor, einzelne Inhalte jederzeit von der Plattform zu entfernen. Angebote zur Nutzung der Inhalte sind freibleibend, und es besteht kein Anspruch auf die jederzeitige und dauerhafte Verf\u00fcgbarkeit aller eingestellten Bildungsinhalte.<\/p>\n\n\n\n<h2 class=\"wp-block-heading\"><strong>\u00a7 7 Gefahren\u00fcbergang<\/strong><\/h2>\n\n\n\n<p>Das Risiko einer zuf\u00e4lligen Verschlechterung oder einem zuf\u00e4lligen Verlust der Ware liegt bis zur \u00dcbergabe der Ware beim Verk\u00e4ufer und geht es mit der \u00dcbergabe auf den Verbraucher \u00fcber.<\/p>\n\n\n\n<h2 class=\"wp-block-heading\"><strong>\u00a7 8 Eigentumsvorbehalt<\/strong><\/h2>\n\n\n\n<p>Bis zum vollst\u00e4ndigen Empfang des Kaufpreises beh\u00e4lt sich der Verk\u00e4ufer das Eigentum an der Ware vor.<\/p>\n\n\n\n<h2 class=\"wp-block-heading\"><strong>\u00a7 9 Einr\u00e4umung von Nutzungsrechten f\u00fcr digitale Inhalte<\/strong><\/h2>\n\n\n\n<p>Sofern sich aus der Inhaltsbeschreibung im Onlineshop des Verk\u00e4ufers nichts anderes ergibt, r\u00e4umt der Verk\u00e4ufer dem Kunden an den bereitgestellten Inhalten das Recht ein, die Inhalte zu privaten Zwecken zu nutzen.<\/p>\n\n\n\n<p>Eine Weitergabe der Inhalte an Dritte oder die Erstellung von Kopien f\u00fcr Dritte au\u00dferhalb des Rahmens dieser AGB ist nicht gestattet-<\/p>\n\n\n\n<h2 class=\"wp-block-heading\"><strong>\u00a7 10 Gew\u00e4hrleistung<\/strong><\/h2>\n\n\n\n<p>Die gesetzlichen Gew\u00e4hrleistungsregelungen gelten.<\/p>\n\n\n\n<p>Handelt der Kunde als Verbraucher, so wird er gebeten, angelieferte Waren mit offensichtlichen Transportsch\u00e4den beim Zusteller zu reklamieren und den Verk\u00e4ufer hiervon in Kenntnis zu setzen. Kommt der Kunde dem nicht nach, hat dies keinerlei Auswirkungen auf seine gesetzlichen oder vertraglichen M\u00e4ngelanspr\u00fcche.<\/p>\n\n\n\n<p>Handelt der Kunde als Unternehmer:<\/p>\n\n\n\n<ul class=\"wp-block-list\">\n<li>hat der Verk\u00e4ufer die Wahl der Art der Nacherf\u00fcllung;<\/li>\n\n\n\n<li>betr\u00e4gt bei neuen Waren die Verj\u00e4hrungsfrist f\u00fcr M\u00e4ngel ein Jahr ab Ablieferung der Ware;<\/li>\n\n\n\n<li>beginnt die Verj\u00e4hrung nicht erneut, wenn im Rahmen der M\u00e4ngelhaftung eine Ersatzlieferung erfolgt.<\/li>\n<\/ul>\n\n\n\n<p>Im Rahmen von Gew\u00e4hrleistungsf\u00e4llen tr\u00e4gt der K\u00e4ufer die Kosten der R\u00fccksendung der beanstandeten Ware, sofern nicht vorab schriftlich etwas anderes vereinbart wurde. Die R\u00fccksendung hat ausschlie\u00dflich nach unserer R\u00fcckbest\u00e4tigung und unter Verwendung eines von uns freigegebenen Transportwegs zu erfolgen; unfreie Sendungen werden nicht angenommen.<\/p>\n\n\n\n<h2 class=\"wp-block-heading\"><strong>\u00a7 11 Ausschluss eines Kunden<\/strong><\/h2>\n\n\n\n<p>Der Verk\u00e4ufer kann einen Kunden ausschlie\u00dfen und das Kundenkonto sowie s\u00e4mtliche Onlinekurse dieses Kunden l\u00f6schen, wenn Anhaltspunkte vorliegen, dass ein Kunde gegen die wesentlichen Pflichten dieser Gesch\u00e4ftsbedingungen verst\u00f6\u00dft.<\/p>\n\n\n\n<p>Das Institut f\u00fcr vestibul\u00e4re Rehabilitationstherapie (IVRT\u00ae) wird den Kunden \u00fcber den geplanten Ausschluss per E-Mail informieren und ihm die M\u00f6glichkeit zur Stellungnahme geben. Bei Eilbed\u00fcrftigkeit ist das Institut f\u00fcr vestibul\u00e4re Rehabilitationstherapie (IVRT\u00ae) hierzu nicht verpflichtet. In jedem Fall wird das Institut f\u00fcr vestibul\u00e4re Rehabilitationstherapie (IVRT\u00ae) die berechtigten Interessen des Kunden ber\u00fccksichtigen. Das Recht zur au\u00dferordentlichen K\u00fcndigung bleibt unber\u00fchrt.<\/p>\n\n\n\n<h2 class=\"wp-block-heading\"><strong>\u00a7 12 Einl\u00f6sen von Aktionsgutscheinen<\/strong><\/h2>\n\n\n\n<p>Gutscheine, die vom Verk\u00e4ufer im Rahmen von Werbeaktionen kostenlos und mit einer begrenzten G\u00fcltigkeitsdauer ausgegeben werden und die nicht k\u00e4uflich erworben werden k\u00f6nnen (nachfolgend \u201eAktionsgutscheine\u201c), k\u00f6nnen ausschlie\u00dflich im Onlineshop des Verk\u00e4ufers und nur innerhalb des angegebenen Aktionszeitraums eingel\u00f6st werden.<\/p>\n\n\n\n<p>Bestimmte Produkte k\u00f6nnen von der Gutscheinaktion ausgeschlossen sein, sofern dies im Aktionsgutschein vermerkt ist.<\/p>\n\n\n\n<p>Aktionsgutscheine m\u00fcssen vor Abschluss des Bestellvorgangs eingel\u00f6st werden, eine nachtr\u00e4gliche Anrechnung ist nicht m\u00f6glich. Pro Bestellung kann nur ein Aktionsgutschein verwendet werden.<\/p>\n\n\n\n<p>Der Bestellwert muss mindestens dem Wert des Aktionsgutscheins entsprechen; ein eventuelles Restguthaben wird nicht ausgezahlt. Sollte der Gutscheinwert nicht ausreichen, kann der verbleibende Betrag \u00fcber eine der vom Verk\u00e4ufer angebotenen Zahlungsarten beglichen werden.<\/p>\n\n\n\n<p>Das Guthaben eines Aktionsgutscheins wird weder in bar ausgezahlt noch verzinst. Bei R\u00fcckgabe von Waren, die mit einem Aktionsgutschein ganz oder teilweise bezahlt wurden, erfolgt keine Erstattung des Gutscheinwerts im Rahmen des gesetzlichen Widerrufsrechts.<\/p>\n\n\n\n<p>Aktionsgutscheine sind nicht \u00fcbertragbar.<\/p>\n\n\n\n<h2 class=\"wp-block-heading\"><strong>\u00a7 13 Haftung<\/strong><\/h2>\n\n\n\n<p>Institut f\u00fcr vestibul\u00e4re Rehabilitationstherapie (IVRT\u00ae) haftet nicht f\u00fcr Sach- und reine Verm\u00f6genssch\u00e4den &#8211; gleich aus welchem Rechtsgrund -, die im Zusammenhang mit der Nutzung der Onlineshops entstehen, es sei denn die Sch\u00e4den beruhen auf der Verletzung einer wesentlichen Vertragspflicht oder auf einer sonstigen vors\u00e4tzlichen oder grob fahrl\u00e4ssigen Pflichtverletzung durch Institut f\u00fcr vestibul\u00e4re Rehabilitationstherapie (IVRT\u00ae), ihre gesetzlichen Vertreter oder ihre Erf\u00fcllungsgehilfen. Insbesondere wird keine Haftung f\u00fcr Sch\u00e4den, welcher Art auch immer, im Hinblick auf die Vollst\u00e4ndigkeit und Richtigkeit der Angaben \u00fcbernommen. Dies gilt ebenso f\u00fcr m\u00f6gliche Sch\u00e4den, die in Zusammenhang mit Downloads jeglicher Datei-Formen von unseren Internetseiten entstehen. Ausgenommen dabei ist vors\u00e4tzliches oder grob fahrl\u00e4ssiges Verschulden. Die Nutzer erkl\u00e4ren sich damit einverstanden, auf diese Webseite und deren Inhalt auf eigenes Risiko zuzugreifen.<\/p>\n\n\n\n<p>Die Haftung f\u00fcr Sach- und reine Verm\u00f6genssch\u00e4den infolge einer leicht fahrl\u00e4ssigen Verletzung einer wesentlichen Vertragspflicht wird auf den Ersatz der bei Vertragsschluss vorhersehbaren Sch\u00e4den beschr\u00e4nkt.<\/p>\n\n\n\n<h2 class=\"wp-block-heading\"><strong>\u00a7 14 Anwendbares Recht<\/strong><\/h2>\n\n\n\n<p>F\u00fcr s\u00e4mtliche Rechtsbeziehungen der Parteien gilt das Recht der Bundesrepublik Deutschland unter Ausschluss der Gesetze \u00fcber den internationalen Kauf beweglicher Waren. Bei Verbrauchern gilt diese Rechtswahl nur insoweit, als nicht der gew\u00e4hrte Schutz durch zwingende Bestimmungen des Rechts des Staates, in dem der Verbraucher seinen gew\u00f6hnlichen Aufenthalt hat, entzogen wird.<\/p>\n\n\n\n<h2 class=\"wp-block-heading\"><strong>\u00a7 15 Gerichtsstand<\/strong><\/h2>\n\n\n\n<p>Handelt der Kunde als Kaufmann, juristische Person des \u00f6ffentlichen Rechts oder \u00f6ffentlich-rechtliches Sonderverm\u00f6gen mit Sitz im Hoheitsgebiet der Bundesrepublik Deutschland, ist ausschlie\u00dflicher Gerichtsstand f\u00fcr alle Streitigkeiten aus diesem Vertrag der Gesch\u00e4ftssitz des Verk\u00e4ufers. Hat der Kunde seinen Sitz au\u00dferhalb des Hoheitsgebiets der Bundesrepublik Deutschland, so ist der Gesch\u00e4ftssitz des Verk\u00e4ufers ausschlie\u00dflicher Gerichtsstand f\u00fcr alle Streitigkeiten aus diesem Vertrag, wenn der Vertrag oder Anspr\u00fcche aus dem Vertrag der beruflichen oder gewerblichen T\u00e4tigkeit des Kunden zugerechnet werden k\u00f6nnen. Der Verk\u00e4ufer ist in den vorstehenden F\u00e4llen jedoch in jedem Fall berechtigt, das Gericht am Sitz des Kunden anzurufen.<\/p>\n\n\n\n<h2 class=\"wp-block-heading\"><strong>\u00a7 16 Alternative Streitbeilegung<\/strong><\/h2>\n\n\n\n<p>Der Verk\u00e4ufer ist zur Teilnahme an einem Streitbeilegungsverfahren vor einer Verbraucherschlichtungsstelle weder verpflichtet noch bereit.<\/p>","protected":false},"excerpt":{"rendered":"<p>Der besseren Lesbarkeit halber, haben wir die AGB im generischen Maskulinum verfasst. Angesprochen sind selbstverst\u00e4ndlich aber immer alle Kundinnen und Kunden. \u00a7 1 Verk\u00e4ufer Als Verk\u00e4ufer dieser AGB gilt: Firat KesginInstitut f\u00fcr vestibul\u00e4re Rehabilitationstherapie (IVRT\u00ae)Planckstra\u00dfe 1322765 Hamburg Deutschland \u00a7 2 Geltungsbereich Diese Allgemeinen Gesch\u00e4ftsbedingungen gelten f\u00fcr alle Rechtsgesch\u00e4fte zwischen dem Verk\u00e4ufer und einem Verbraucher oder [&hellip;]<\/p>\n","protected":false},"author":11,"featured_media":0,"parent":1356,"menu_order":0,"comment_status":"closed","ping_status":"closed","template":"","meta":{"_surecart_dashboard_logo_width":"180px","_surecart_dashboard_show_logo":true,"_surecart_dashboard_navigation_orders":true,"_surecart_dashboard_navigation_invoices":true,"_surecart_dashboard_navigation_subscriptions":true,"_surecart_dashboard_navigation_downloads":true,"_surecart_dashboard_navigation_billing":true,"_surecart_dashboard_navigation_account":true,"_jf_save_progress":"","iawp_total_views":327,"footnotes":""},"class_list":["post-516","page","type-page","status-publish","hentry"],"_links":{"self":[{"href":"https:\/\/ivrt.de\/nl\/wp-json\/wp\/v2\/pages\/516","targetHints":{"allow":["GET"]}}],"collection":[{"href":"https:\/\/ivrt.de\/nl\/wp-json\/wp\/v2\/pages"}],"about":[{"href":"https:\/\/ivrt.de\/nl\/wp-json\/wp\/v2\/types\/page"}],"author":[{"embeddable":true,"href":"https:\/\/ivrt.de\/nl\/wp-json\/wp\/v2\/users\/11"}],"replies":[{"embeddable":true,"href":"https:\/\/ivrt.de\/nl\/wp-json\/wp\/v2\/comments?post=516"}],"version-history":[{"count":1,"href":"https:\/\/ivrt.de\/nl\/wp-json\/wp\/v2\/pages\/516\/revisions"}],"predecessor-version":[{"id":17234,"href":"https:\/\/ivrt.de\/nl\/wp-json\/wp\/v2\/pages\/516\/revisions\/17234"}],"up":[{"embeddable":true,"href":"https:\/\/ivrt.de\/nl\/wp-json\/wp\/v2\/pages\/1356"}],"wp:attachment":[{"href":"https:\/\/ivrt.de\/nl\/wp-json\/wp\/v2\/media?parent=516"}],"curies":[{"name":"wp","href":"https:\/\/api.w.org\/{rel}","templated":true}]}}