{"id":13319,"date":"2025-05-28T15:12:16","date_gmt":"2025-05-28T13:12:16","guid":{"rendered":"https:\/\/ivrt.de\/?page_id=13319"},"modified":"2025-06-04T13:22:56","modified_gmt":"2025-06-04T11:22:56","slug":"wissensblog","status":"publish","type":"page","link":"https:\/\/ivrt.de\/nl\/wissensblog\/","title":{"rendered":"Wissensblog"},"content":{"rendered":"<div data-elementor-type=\"wp-page\" data-elementor-id=\"13319\" class=\"elementor elementor-13319\" data-elementor-post-type=\"page\">\n\t\t\t\t<div class=\"elementor-element elementor-element-f323ea4 e-flex e-con-boxed e-con e-parent\" data-id=\"f323ea4\" data-element_type=\"container\" data-e-type=\"container\" data-settings=\"{&quot;jet_parallax_layout_list&quot;:[]}\">\n\t\t\t\t\t<div class=\"e-con-inner\">\n\t\t\t\t<div class=\"elementor-element elementor-element-9d8664e elementor-widget elementor-widget-heading\" data-id=\"9d8664e\" data-element_type=\"widget\" data-e-type=\"widget\" data-widget_type=\"heading.default\">\n\t\t\t\t<div class=\"elementor-widget-container\">\n\t\t\t\t\t<h2 class=\"elementor-heading-title elementor-size-default\">Wissensblog<\/h2>\t\t\t\t<\/div>\n\t\t\t\t<\/div>\n\t\t\t\t<div class=\"elementor-element elementor-element-8b9efbb elementor-grid-3 elementor-grid-tablet-2 elementor-grid-mobile-1 elementor-posts--thumbnail-top elementor-widget elementor-widget-posts\" data-id=\"8b9efbb\" data-element_type=\"widget\" data-e-type=\"widget\" data-settings=\"{&quot;classic_columns&quot;:&quot;3&quot;,&quot;classic_columns_tablet&quot;:&quot;2&quot;,&quot;classic_columns_mobile&quot;:&quot;1&quot;,&quot;classic_row_gap&quot;:{&quot;unit&quot;:&quot;px&quot;,&quot;size&quot;:35,&quot;sizes&quot;:[]},&quot;classic_row_gap_tablet&quot;:{&quot;unit&quot;:&quot;px&quot;,&quot;size&quot;:&quot;&quot;,&quot;sizes&quot;:[]},&quot;classic_row_gap_mobile&quot;:{&quot;unit&quot;:&quot;px&quot;,&quot;size&quot;:&quot;&quot;,&quot;sizes&quot;:[]}}\" data-widget_type=\"posts.classic\">\n\t\t\t\t<div class=\"elementor-widget-container\">\n\t\t\t\t\t\t\t<div class=\"elementor-posts-container elementor-posts elementor-posts--skin-classic elementor-grid\" role=\"list\">\n\t\t\t\t<article class=\"elementor-post elementor-grid-item post-17776 post type-post status-publish format-standard has-post-thumbnail hentry category-studien-evidenz\" role=\"listitem\">\n\t\t\t\t<a class=\"elementor-post__thumbnail__link\" href=\"https:\/\/ivrt.de\/nl\/studien-evidenz\/schwindel-angst-und-depression-die-unterschaetzte-psychische-last-neue-meta-analyse-liefert-klare-evidenz\/\" tabindex=\"-1\" target=\"&quot;_blank&quot;\">\n\t\t\t<div class=\"elementor-post__thumbnail\"><img fetchpriority=\"high\" decoding=\"async\" width=\"800\" height=\"450\" src=\"https:\/\/ivrt.de\/wp-content\/uploads\/2026\/04\/Wissensblog-17-1024x576.jpg\" class=\"attachment-large size-large wp-image-17781\" alt=\"\" srcset=\"https:\/\/ivrt.de\/wp-content\/uploads\/2026\/04\/Wissensblog-17-1024x576.jpg 1024w, https:\/\/ivrt.de\/wp-content\/uploads\/2026\/04\/Wissensblog-17-300x169.jpg 300w, https:\/\/ivrt.de\/wp-content\/uploads\/2026\/04\/Wissensblog-17-768x432.jpg 768w, https:\/\/ivrt.de\/wp-content\/uploads\/2026\/04\/Wissensblog-17-1536x864.jpg 1536w, https:\/\/ivrt.de\/wp-content\/uploads\/2026\/04\/Wissensblog-17-18x10.jpg 18w, https:\/\/ivrt.de\/wp-content\/uploads\/2026\/04\/Wissensblog-17.jpg 1920w\" sizes=\"(max-width: 800px) 100vw, 800px\" \/><\/div>\n\t\t<\/a>\n\t\t\t\t<div class=\"elementor-post__text\">\n\t\t\t\t<h3 class=\"elementor-post__title\">\n\t\t\t<a href=\"https:\/\/ivrt.de\/nl\/studien-evidenz\/schwindel-angst-und-depression-die-unterschaetzte-psychische-last-neue-meta-analyse-liefert-klare-evidenz\/\" target=\"&quot;_blank&quot;\">\n\t\t\t\tDuizeligheid, angst en depressie: de onderschatte psychische belasting \u2013 nieuwe meta-analyse levert duidelijk bewijs\t\t\t<\/a>\n\t\t<\/h3>\n\t\t\t\t<div class=\"elementor-post__meta-data\">\n\t\t\t\t\t<span class=\"elementor-post-date\">\n\t\t\t2. april 2026\t\t<\/span>\n\t\t\t\t<\/div>\n\t\t\t\t<div class=\"elementor-post__excerpt\">\n\t\t\t<p>Voor zorgprofessionals: Dat duizeligheid de mentale gezondheid be\u00efnvloedt, is klinisch vastgesteld...<\/p>\n\t\t<\/div>\n\t\t\n\t\t<a class=\"elementor-post__read-more\" href=\"https:\/\/ivrt.de\/nl\/studien-evidenz\/schwindel-angst-und-depression-die-unterschaetzte-psychische-last-neue-meta-analyse-liefert-klare-evidenz\/\" aria-label=\"Lees meer over Schwindel, Angst und Depression: Die untersch\u00e4tzte psychische Last \u2013 Neue Meta-Analyse liefert klare Evidenz\" tabindex=\"-1\" target=\"_blank\">\n\t\t\tVerder lezen\t\t<\/a>\n\n\t\t\t\t<\/div>\n\t\t\t\t<\/article>\n\t\t\t\t<article class=\"elementor-post elementor-grid-item post-17680 post type-post status-publish format-standard has-post-thumbnail hentry category-studien-evidenz\" role=\"listitem\">\n\t\t\t\t<a class=\"elementor-post__thumbnail__link\" href=\"https:\/\/ivrt.de\/nl\/studien-evidenz\/schwindel-in-der-schwangerschaft-diagnostik-und-therapie-zwischen-evidenz-und-vorsicht\/\" tabindex=\"-1\" target=\"&quot;_blank&quot;\">\n\t\t\t<div class=\"elementor-post__thumbnail\"><img decoding=\"async\" width=\"800\" height=\"450\" src=\"https:\/\/ivrt.de\/wp-content\/uploads\/2026\/03\/Wissensblog-16-1024x576.jpg\" class=\"attachment-large size-large wp-image-17682\" alt=\"\" srcset=\"https:\/\/ivrt.de\/wp-content\/uploads\/2026\/03\/Wissensblog-16-1024x576.jpg 1024w, https:\/\/ivrt.de\/wp-content\/uploads\/2026\/03\/Wissensblog-16-300x169.jpg 300w, https:\/\/ivrt.de\/wp-content\/uploads\/2026\/03\/Wissensblog-16-768x432.jpg 768w, https:\/\/ivrt.de\/wp-content\/uploads\/2026\/03\/Wissensblog-16-1536x864.jpg 1536w, https:\/\/ivrt.de\/wp-content\/uploads\/2026\/03\/Wissensblog-16-18x10.jpg 18w, https:\/\/ivrt.de\/wp-content\/uploads\/2026\/03\/Wissensblog-16.jpg 1920w\" sizes=\"(max-width: 800px) 100vw, 800px\" \/><\/div>\n\t\t<\/a>\n\t\t\t\t<div class=\"elementor-post__text\">\n\t\t\t\t<h3 class=\"elementor-post__title\">\n\t\t\t<a href=\"https:\/\/ivrt.de\/nl\/studien-evidenz\/schwindel-in-der-schwangerschaft-diagnostik-und-therapie-zwischen-evidenz-und-vorsicht\/\" target=\"&quot;_blank&quot;\">\n\t\t\t\tDuizeligheid tijdens de zwangerschap: Diagnostiek en behandeling tussen evidentie en voorzichtigheid\t\t\t<\/a>\n\t\t<\/h3>\n\t\t\t\t<div class=\"elementor-post__meta-data\">\n\t\t\t\t\t<span class=\"elementor-post-date\">\n\t\t\t5. maart 2026\t\t<\/span>\n\t\t\t\t<\/div>\n\t\t\t\t<div class=\"elementor-post__excerpt\">\n\t\t\t<p>Voor zorgprofessionals: Duizeligheid tijdens de zwangerschap komt vaak voor...<\/p>\n\t\t<\/div>\n\t\t\n\t\t<a class=\"elementor-post__read-more\" href=\"https:\/\/ivrt.de\/nl\/studien-evidenz\/schwindel-in-der-schwangerschaft-diagnostik-und-therapie-zwischen-evidenz-und-vorsicht\/\" aria-label=\"Lees meer over Schwindel in der Schwangerschaft: Diagnostik und Therapie zwischen Evidenz und Vorsicht\" tabindex=\"-1\" target=\"_blank\">\n\t\t\tVerder lezen\t\t<\/a>\n\n\t\t\t\t<\/div>\n\t\t\t\t<\/article>\n\t\t\t\t<article class=\"elementor-post elementor-grid-item post-17496 post type-post status-publish format-standard has-post-thumbnail hentry category-studien-evidenz\" role=\"listitem\">\n\t\t\t\t<a class=\"elementor-post__thumbnail__link\" href=\"https:\/\/ivrt.de\/nl\/studien-evidenz\/bilaterale-vestibulaere-hypofunktion-bei-kindern-warum-ein-screening-bei-hoerverlust-entscheidend-ist\/\" tabindex=\"-1\" target=\"&quot;_blank&quot;\">\n\t\t\t<div class=\"elementor-post__thumbnail\"><img decoding=\"async\" width=\"800\" height=\"450\" src=\"https:\/\/ivrt.de\/wp-content\/uploads\/2026\/02\/Wissensblog-15-1-1024x576.jpg\" class=\"attachment-large size-large wp-image-17522\" alt=\"\" srcset=\"https:\/\/ivrt.de\/wp-content\/uploads\/2026\/02\/Wissensblog-15-1-1024x576.jpg 1024w, https:\/\/ivrt.de\/wp-content\/uploads\/2026\/02\/Wissensblog-15-1-300x169.jpg 300w, https:\/\/ivrt.de\/wp-content\/uploads\/2026\/02\/Wissensblog-15-1-768x432.jpg 768w, https:\/\/ivrt.de\/wp-content\/uploads\/2026\/02\/Wissensblog-15-1-1536x864.jpg 1536w, https:\/\/ivrt.de\/wp-content\/uploads\/2026\/02\/Wissensblog-15-1-18x10.jpg 18w, https:\/\/ivrt.de\/wp-content\/uploads\/2026\/02\/Wissensblog-15-1.jpg 1920w\" sizes=\"(max-width: 800px) 100vw, 800px\" \/><\/div>\n\t\t<\/a>\n\t\t\t\t<div class=\"elementor-post__text\">\n\t\t\t\t<h3 class=\"elementor-post__title\">\n\t\t\t<a href=\"https:\/\/ivrt.de\/nl\/studien-evidenz\/bilaterale-vestibulaere-hypofunktion-bei-kindern-warum-ein-screening-bei-hoerverlust-entscheidend-ist\/\" target=\"&quot;_blank&quot;\">\n\t\t\t\tBilaterale vestibulaire hypofunctie bij kinderen: waarom screening bij gehoorverlies cruciaal is\t\t\t<\/a>\n\t\t<\/h3>\n\t\t\t\t<div class=\"elementor-post__meta-data\">\n\t\t\t\t\t<span class=\"elementor-post-date\">\n\t\t\t9. februari 2026\t\t<\/span>\n\t\t\t\t<\/div>\n\t\t\t\t<div class=\"elementor-post__excerpt\">\n\t\t\t<p>Voor medisch professionals: Vestibulaire hypofunctie bij kinderen leidt vaak tot vallen...<\/p>\n\t\t<\/div>\n\t\t\n\t\t<a class=\"elementor-post__read-more\" href=\"https:\/\/ivrt.de\/nl\/studien-evidenz\/bilaterale-vestibulaere-hypofunktion-bei-kindern-warum-ein-screening-bei-hoerverlust-entscheidend-ist\/\" aria-label=\"Lees meer over Bilaterale vestibul\u00e4re Hypofunktion bei Kindern: Warum ein Screening bei H\u00f6rverlust entscheidend ist\" tabindex=\"-1\" target=\"_blank\">\n\t\t\tVerder lezen\t\t<\/a>\n\n\t\t\t\t<\/div>\n\t\t\t\t<\/article>\n\t\t\t\t<article class=\"elementor-post elementor-grid-item post-17466 post type-post status-publish format-standard has-post-thumbnail hentry category-studien-evidenz\" role=\"listitem\">\n\t\t\t\t<a class=\"elementor-post__thumbnail__link\" href=\"https:\/\/ivrt.de\/nl\/studien-evidenz\/vestibulaere-migraene-oder-morbus-meniere-lmu-studie-zeigt-sieben-merkmale-helfen-bei-der-unterscheidung\/\" tabindex=\"-1\" target=\"&quot;_blank&quot;\">\n\t\t\t<div class=\"elementor-post__thumbnail\"><img loading=\"lazy\" decoding=\"async\" width=\"800\" height=\"450\" src=\"https:\/\/ivrt.de\/wp-content\/uploads\/2026\/01\/Wissensblog-14-1-1024x576.png\" class=\"attachment-large size-large wp-image-17467\" alt=\"\" srcset=\"https:\/\/ivrt.de\/wp-content\/uploads\/2026\/01\/Wissensblog-14-1-1024x576.png 1024w, https:\/\/ivrt.de\/wp-content\/uploads\/2026\/01\/Wissensblog-14-1-300x169.png 300w, https:\/\/ivrt.de\/wp-content\/uploads\/2026\/01\/Wissensblog-14-1-768x432.png 768w, https:\/\/ivrt.de\/wp-content\/uploads\/2026\/01\/Wissensblog-14-1-1536x864.png 1536w, https:\/\/ivrt.de\/wp-content\/uploads\/2026\/01\/Wissensblog-14-1-18x10.png 18w, https:\/\/ivrt.de\/wp-content\/uploads\/2026\/01\/Wissensblog-14-1.png 1920w\" sizes=\"(max-width: 800px) 100vw, 800px\" \/><\/div>\n\t\t<\/a>\n\t\t\t\t<div class=\"elementor-post__text\">\n\t\t\t\t<h3 class=\"elementor-post__title\">\n\t\t\t<a href=\"https:\/\/ivrt.de\/nl\/studien-evidenz\/vestibulaere-migraene-oder-morbus-meniere-lmu-studie-zeigt-sieben-merkmale-helfen-bei-der-unterscheidung\/\" target=\"&quot;_blank&quot;\">\n\t\t\t\tVestibulaire migraine of de ziekte van M\u00e9ni\u00e8re? LMU-studie toont: zeven kenmerken helpen bij het onderscheid\t\t\t<\/a>\n\t\t<\/h3>\n\t\t\t\t<div class=\"elementor-post__meta-data\">\n\t\t\t\t\t<span class=\"elementor-post-date\">\n\t\t\t26. januari 2026\t\t<\/span>\n\t\t\t\t<\/div>\n\t\t\t\t<div class=\"elementor-post__excerpt\">\n\t\t\t<p>Voor zorgprofessionals: Vestibulaire migraine (VM) en de ziekte van M\u00e9ni\u00e8re (MD) zijn\u2026<\/p>\n\t\t<\/div>\n\t\t\n\t\t<a class=\"elementor-post__read-more\" href=\"https:\/\/ivrt.de\/nl\/studien-evidenz\/vestibulaere-migraene-oder-morbus-meniere-lmu-studie-zeigt-sieben-merkmale-helfen-bei-der-unterscheidung\/\" aria-label=\"Lees meer over Vestibul\u00e4re Migr\u00e4ne oder Morbus Meni\u00e8re? LMU-Studie zeigt: Sieben Merkmale helfen bei der Unterscheidung\" tabindex=\"-1\" target=\"_blank\">\n\t\t\tVerder lezen\t\t<\/a>\n\n\t\t\t\t<\/div>\n\t\t\t\t<\/article>\n\t\t\t\t<article class=\"elementor-post elementor-grid-item post-16836 post type-post status-publish format-standard has-post-thumbnail hentry category-studien-evidenz\" role=\"listitem\">\n\t\t\t\t<a class=\"elementor-post__thumbnail__link\" href=\"https:\/\/ivrt.de\/nl\/studien-evidenz\/diagnostik-vor-training-neue-us-studie-zeigt-wie-objektive-vestibulartests-die-therapie-steuern-koennen\/\" tabindex=\"-1\" target=\"&quot;_blank&quot;\">\n\t\t\t<div class=\"elementor-post__thumbnail\"><img loading=\"lazy\" decoding=\"async\" width=\"800\" height=\"450\" src=\"https:\/\/ivrt.de\/wp-content\/uploads\/2025\/10\/Design-ohne-Titel-1-1024x576.jpg\" class=\"attachment-large size-large wp-image-16837\" alt=\"\" srcset=\"https:\/\/ivrt.de\/wp-content\/uploads\/2025\/10\/Design-ohne-Titel-1-1024x576.jpg 1024w, https:\/\/ivrt.de\/wp-content\/uploads\/2025\/10\/Design-ohne-Titel-1-300x169.jpg 300w, https:\/\/ivrt.de\/wp-content\/uploads\/2025\/10\/Design-ohne-Titel-1-768x432.jpg 768w, https:\/\/ivrt.de\/wp-content\/uploads\/2025\/10\/Design-ohne-Titel-1-1536x864.jpg 1536w, https:\/\/ivrt.de\/wp-content\/uploads\/2025\/10\/Design-ohne-Titel-1-18x10.jpg 18w, https:\/\/ivrt.de\/wp-content\/uploads\/2025\/10\/Design-ohne-Titel-1.jpg 1920w\" sizes=\"(max-width: 800px) 100vw, 800px\" \/><\/div>\n\t\t<\/a>\n\t\t\t\t<div class=\"elementor-post__text\">\n\t\t\t\t<h3 class=\"elementor-post__title\">\n\t\t\t<a href=\"https:\/\/ivrt.de\/nl\/studien-evidenz\/diagnostik-vor-training-neue-us-studie-zeigt-wie-objektive-vestibulartests-die-therapie-steuern-koennen\/\" target=\"&quot;_blank&quot;\">\n\t\t\t\tDiagnostiek v\u00f3\u00f3r training? Nieuwe Amerikaanse studie toont hoe objectieve vestibulaire tests de therapie kunnen sturen\t\t\t<\/a>\n\t\t<\/h3>\n\t\t\t\t<div class=\"elementor-post__meta-data\">\n\t\t\t\t\t<span class=\"elementor-post-date\">\n\t\t\t31. oktober 2025\t\t<\/span>\n\t\t\t\t<\/div>\n\t\t\t\t<div class=\"elementor-post__excerpt\">\n\t\t\t<p>Voor professionals: Pati\u00ebnten met duizeligheid of evenwichtsstoornissen worden vaak eerst doorverwezen \u2026<\/p>\n\t\t<\/div>\n\t\t\n\t\t<a class=\"elementor-post__read-more\" href=\"https:\/\/ivrt.de\/nl\/studien-evidenz\/diagnostik-vor-training-neue-us-studie-zeigt-wie-objektive-vestibulartests-die-therapie-steuern-koennen\/\" aria-label=\"Lees meer over Diagnostik vor Training? Neue US-Studie zeigt, wie objektive Vestibulartests die Therapie steuern k\u00f6nnen\" tabindex=\"-1\" target=\"_blank\">\n\t\t\tVerder lezen\t\t<\/a>\n\n\t\t\t\t<\/div>\n\t\t\t\t<\/article>\n\t\t\t\t<article class=\"elementor-post elementor-grid-item post-16623 post type-post status-publish format-standard has-post-thumbnail hentry category-studien-evidenz\" role=\"listitem\">\n\t\t\t\t<a class=\"elementor-post__thumbnail__link\" href=\"https:\/\/ivrt.de\/nl\/studien-evidenz\/funktionelle-bildgebung-bei-pppd-sensibilisierung-im-multisensorischen-vestibulaeren-netzwerk\/\" tabindex=\"-1\" target=\"&quot;_blank&quot;\">\n\t\t\t<div class=\"elementor-post__thumbnail\"><img loading=\"lazy\" decoding=\"async\" width=\"800\" height=\"450\" src=\"https:\/\/ivrt.de\/wp-content\/uploads\/2025\/10\/Wissensblog-12-1024x576.jpg\" class=\"attachment-large size-large wp-image-16624\" alt=\"\" srcset=\"https:\/\/ivrt.de\/wp-content\/uploads\/2025\/10\/Wissensblog-12-1024x576.jpg 1024w, https:\/\/ivrt.de\/wp-content\/uploads\/2025\/10\/Wissensblog-12-300x169.jpg 300w, https:\/\/ivrt.de\/wp-content\/uploads\/2025\/10\/Wissensblog-12-768x432.jpg 768w, https:\/\/ivrt.de\/wp-content\/uploads\/2025\/10\/Wissensblog-12-1536x864.jpg 1536w, https:\/\/ivrt.de\/wp-content\/uploads\/2025\/10\/Wissensblog-12-18x10.jpg 18w, https:\/\/ivrt.de\/wp-content\/uploads\/2025\/10\/Wissensblog-12.jpg 1920w\" sizes=\"(max-width: 800px) 100vw, 800px\" \/><\/div>\n\t\t<\/a>\n\t\t\t\t<div class=\"elementor-post__text\">\n\t\t\t\t<h3 class=\"elementor-post__title\">\n\t\t\t<a href=\"https:\/\/ivrt.de\/nl\/studien-evidenz\/funktionelle-bildgebung-bei-pppd-sensibilisierung-im-multisensorischen-vestibulaeren-netzwerk\/\" target=\"&quot;_blank&quot;\">\n\t\t\t\tFunctionele beeldvorming bij PPPD: Sensitisatie in het multisensorische vestibulaire netwerk\t\t\t<\/a>\n\t\t<\/h3>\n\t\t\t\t<div class=\"elementor-post__meta-data\">\n\t\t\t\t\t<span class=\"elementor-post-date\">\n\t\t\t10. oktober 2025\t\t<\/span>\n\t\t\t\t<\/div>\n\t\t\t\t<div class=\"elementor-post__excerpt\">\n\t\t\t<p>Voor zorgprofessionals: persisterende positionele perceptie duizeligheid (PPPD) treedt vaak op na...<\/p>\n\t\t<\/div>\n\t\t\n\t\t<a class=\"elementor-post__read-more\" href=\"https:\/\/ivrt.de\/nl\/studien-evidenz\/funktionelle-bildgebung-bei-pppd-sensibilisierung-im-multisensorischen-vestibulaeren-netzwerk\/\" aria-label=\"Lees meer over Funktionelle Bildgebung bei PPPD: Sensibilisierung im multisensorischen vestibul\u00e4ren Netzwerk\" tabindex=\"-1\" target=\"_blank\">\n\t\t\tVerder lezen\t\t<\/a>\n\n\t\t\t\t<\/div>\n\t\t\t\t<\/article>\n\t\t\t\t<\/div>\n\t\t\n\t\t\t\t\t\t<\/div>\n\t\t\t\t<\/div>\n\t\t\t\t\t<\/div>\n\t\t\t\t<\/div>\n\t\t\t\t<\/div>","protected":false},"excerpt":{"rendered":"","protected":false},"author":358,"featured_media":0,"parent":0,"menu_order":0,"comment_status":"closed","ping_status":"closed","template":"","meta":{"_surecart_dashboard_logo_width":"180px","_surecart_dashboard_show_logo":true,"_surecart_dashboard_navigation_orders":true,"_surecart_dashboard_navigation_invoices":true,"_surecart_dashboard_navigation_subscriptions":true,"_surecart_dashboard_navigation_downloads":true,"_surecart_dashboard_navigation_billing":true,"_surecart_dashboard_navigation_account":true,"_jf_save_progress":"","iawp_total_views":73,"footnotes":""},"class_list":["post-13319","page","type-page","status-publish","hentry"],"_links":{"self":[{"href":"https:\/\/ivrt.de\/nl\/wp-json\/wp\/v2\/pages\/13319","targetHints":{"allow":["GET"]}}],"collection":[{"href":"https:\/\/ivrt.de\/nl\/wp-json\/wp\/v2\/pages"}],"about":[{"href":"https:\/\/ivrt.de\/nl\/wp-json\/wp\/v2\/types\/page"}],"author":[{"embeddable":true,"href":"https:\/\/ivrt.de\/nl\/wp-json\/wp\/v2\/users\/358"}],"replies":[{"embeddable":true,"href":"https:\/\/ivrt.de\/nl\/wp-json\/wp\/v2\/comments?post=13319"}],"version-history":[{"count":0,"href":"https:\/\/ivrt.de\/nl\/wp-json\/wp\/v2\/pages\/13319\/revisions"}],"wp:attachment":[{"href":"https:\/\/ivrt.de\/nl\/wp-json\/wp\/v2\/media?parent=13319"}],"curies":[{"name":"wp","href":"https:\/\/api.w.org\/{rel}","templated":true}]}}