{"id":123,"date":"2024-06-23T22:00:24","date_gmt":"2024-06-23T22:00:24","guid":{"rendered":"https:\/\/ivrt.de\/?page_id=123"},"modified":"2026-02-16T12:03:46","modified_gmt":"2026-02-16T11:03:46","slug":"impressum","status":"publish","type":"page","link":"https:\/\/ivrt.de\/nl\/shop\/impressum\/","title":{"rendered":"Afdruk"},"content":{"rendered":"<p>Angaben gem\u00e4\u00df \u00a7 5 DDG:&nbsp;<\/p>\n\n\n\n<h2 class=\"wp-block-heading\">Anschrift:&nbsp;<\/h2>\n\n\n\n<p><strong>Institut f\u00fcr vestibul\u00e4re Rehabilitation (IVRT<\/strong>\u00ae<strong>)<\/strong><br><strong>Planckstra\u00dfe 13<\/strong><br><strong>22765 Hamburg<\/strong><\/p>\n\n\n\n<p>Vertreten durch:<br><strong>Firat Kesgin<\/strong><\/p>\n\n\n\n<p>Dieses Impressum gilt auch f\u00fcr die Social-Media-Profile bei&nbsp;<a href=\"https:\/\/www.facebook.com\/ivrt123\">Facebook<\/a>,&nbsp;<a href=\"https:\/\/instagram.com\/ivrt.vestibular\">Instagram<\/a>, <a href=\"https:\/\/www.linkedin.com\/in\/firatkesgin\/?originalSubdomain=de\">LinkedIn<\/a>&nbsp;en het <a href=\"https:\/\/www.youtube.com\/channel\/UC8Ys2QxVZEM1TsacUhJxftw\">YouTube<\/a>.&nbsp;<\/p>\n\n\n\n<h2 class=\"wp-block-heading\">Kontakt:<\/h2>\n\n\n\n<p><strong>Telefon: +49 40 36 03 82 66<\/strong><br><strong>E-Mail: <a href=\"mailto:office@ivrt.de\">office@ivrt.de<\/a><\/strong><\/p>\n\n\n\n<h2 class=\"wp-block-heading\">Umsatzsteuer-ID<\/h2>\n\n\n\n<p>Umsatzsteuer-Identifikationsnummer gem\u00e4\u00df \u00a7 27 a Umsatzsteuergesetz:<br>DE365578112<\/p>\n\n\n\n<h2 class=\"wp-block-heading\">Online Streitbeilegungsverfahren<\/h2>\n\n\n\n<p>Wir sind nicht bereit oder verpflichtet, an Streitbeilegungsverfahren vor einer Verbraucherschlichtungsstelle teilzunehmen.<\/p>\n\n\n\n<h2 class=\"wp-block-heading\">Haftung f\u00fcr Inhalte<\/h2>\n\n\n\n<p>Als Diensteanbieter sind wir gem\u00e4\u00df \u00a7 7 Abs.1 DDG f\u00fcr eigene Inhalte auf diesen Seiten nach den allgemeinen Gesetzen verantwortlich. Nach \u00a7\u00a7 8 bis 10 DDG sind wir als Diensteanbieter jedoch nicht verpflichtet, \u00fcbermittelte oder gespeicherte fremde Informationen zu \u00fcberwachen oder nach Umst\u00e4nden zu forschen, die auf eine rechtswidrige T\u00e4tigkeit hinweisen.<\/p>\n\n\n\n<p>Verpflichtungen zur Entfernung oder Sperrung der Nutzung von Informationen nach den allgemeinen Gesetzen bleiben hiervon unber\u00fchrt. Eine diesbez\u00fcgliche Haftung ist jedoch erst ab dem Zeitpunkt der Kenntnis einer konkreten Rechtsverletzung m\u00f6glich. Bei Bekanntwerden von entsprechenden Rechtsverletzungen werden wir diese Inhalte umgehend entfernen.<\/p>\n\n\n\n<h2 class=\"wp-block-heading\">Haftung f\u00fcr Links<\/h2>\n\n\n\n<p>Unser Angebot enth\u00e4lt Links zu externen Websites Dritter, auf deren Inhalte wir keinen Einfluss haben. Deshalb k\u00f6nnen wir f\u00fcr diese fremden Inhalte auch keine Gew\u00e4hr \u00fcbernehmen. F\u00fcr die Inhalte der verlinkten Seiten ist stets der jeweilige Anbieter oder Betreiber der Seiten verantwortlich. Die verlinkten Seiten wurden zum Zeitpunkt der Verlinkung auf m\u00f6gliche Rechtsverst\u00f6\u00dfe \u00fcberpr\u00fcft. Rechtswidrige Inhalte waren zum Zeitpunkt der Verlinkung nicht erkennbar.<\/p>\n\n\n\n<p>Eine permanente inhaltliche Kontrolle der verlinkten Seiten ist jedoch ohne konkrete Anhaltspunkte einer Rechtsverletzung nicht zumutbar. Bei Bekanntwerden von Rechtsverletzungen werden wir derartige Links umgehend entfernen.<\/p>\n\n\n\n<h2 class=\"wp-block-heading\">Urheberrecht &amp; Markenrecht<\/h2>\n\n\n\n<p>Die durch die Seitenbetreiber erstellten Inhalte und Werke auf diesen Seiten unterliegen dem deutschen Urheberrecht. Die Vervielf\u00e4ltigung,Bearbeitung, Verbreitung und jede Art der Verwertung au\u00dferhalb der Grenzen des Urheberrechtes bed\u00fcrfen der schriftlichen Zustimmung des jeweiligen Autors bzw. Erstellers. Downloads und Kopien dieser Seite sind nur f\u00fcr den privaten, nicht kommerziellen Gebrauch gestattet.<br>Soweit die Inhalte auf dieser Seite nicht vom Betreiber erstellt wurden, werden die Urheberrechte Dritter beachtet. Insbesondere werden Inhalte Dritter als solche gekennzeichnet. Sollten Sie trotzdem auf eine Urheberrechtsverletzung aufmerksam werden, bitten wir um einen entsprechenden Hinweis. Bei Bekanntwerden von Rechtsverletzungen werden wir derartige Inhalte umgehend entfernen.<\/p>\n\n\n\n<p>Die Kunden sind verpflichtet, ihr Passwort geheim zu halten und den Zugang zu ihrem Kundeskonto zu sichern. Gibt es Anhaltspunkte daf\u00fcr, dass sich Dritte unberechtigt Zugang zu dem Kundeskonto verschafft haben, ist das IVRT unverz\u00fcglich davon in Kenntnis zu setzen und das Passwort durch den Kunden zu \u00e4ndern.<\/p>\n\n\n\n<p>Da das IVRT die f\u00fcr den Kunden hinterlegten Daten auch bei Vorlage schriftlicher Nachweise nur beschr\u00e4nkt auf ihre Richtigkeit hin \u00fcberpr\u00fcfen kann, kann die Angabe falscher Daten durch einen Kunden grunds\u00e4tzlich nicht ausgeschlossen werden.<br>Das Kundenkonto darf nicht auf Dritte \u00fcbertragen werden.<\/p>\n\n\n\n<p>Jegliche Nutzungsrechte schlie\u00dfen ausdr\u00fccklich nur Sie ein, eine Weitergabe der Zugangsdaten an Dritte oder die Nutzung gemeinsam mit Dritten, die keinen Zugang erworben haben, ist nicht gestattet.<\/p>\n\n\n\n<p>An den IVRT\u00ae-Onlinekursen d\u00fcrfen nur Kunden teilnehmen, die den IVRT\u00ae-Onlinekurs gebucht haben. Anderen Personen darf die aktive oder passive Teilnahme nicht erm\u00f6glicht werden.<\/p>","protected":false},"excerpt":{"rendered":"<p>Angaben gem\u00e4\u00df \u00a7 5 DDG:&nbsp; Anschrift:&nbsp; Institut f\u00fcr vestibul\u00e4re Rehabilitation (IVRT\u00ae)Planckstra\u00dfe 1322765 Hamburg Vertreten durch:Firat Kesgin Dieses Impressum gilt auch f\u00fcr die Social-Media-Profile bei&nbsp;Facebook,&nbsp;Instagram, LinkedIn&nbsp;und YouTube.&nbsp; Kontakt: Telefon: +49 40 36 03 82 66E-Mail: office@ivrt.de Umsatzsteuer-ID Umsatzsteuer-Identifikationsnummer gem\u00e4\u00df \u00a7 27 a Umsatzsteuergesetz:DE365578112 Online Streitbeilegungsverfahren Wir sind nicht bereit oder verpflichtet, an Streitbeilegungsverfahren vor einer Verbraucherschlichtungsstelle [&hellip;]<\/p>\n","protected":false},"author":11,"featured_media":0,"parent":1356,"menu_order":0,"comment_status":"closed","ping_status":"closed","template":"","meta":{"_surecart_dashboard_logo_width":"180px","_surecart_dashboard_show_logo":true,"_surecart_dashboard_navigation_orders":true,"_surecart_dashboard_navigation_invoices":true,"_surecart_dashboard_navigation_subscriptions":true,"_surecart_dashboard_navigation_downloads":true,"_surecart_dashboard_navigation_billing":true,"_surecart_dashboard_navigation_account":true,"_jf_save_progress":"","iawp_total_views":1911,"footnotes":""},"class_list":["post-123","page","type-page","status-publish","hentry"],"_links":{"self":[{"href":"https:\/\/ivrt.de\/nl\/wp-json\/wp\/v2\/pages\/123","targetHints":{"allow":["GET"]}}],"collection":[{"href":"https:\/\/ivrt.de\/nl\/wp-json\/wp\/v2\/pages"}],"about":[{"href":"https:\/\/ivrt.de\/nl\/wp-json\/wp\/v2\/types\/page"}],"author":[{"embeddable":true,"href":"https:\/\/ivrt.de\/nl\/wp-json\/wp\/v2\/users\/11"}],"replies":[{"embeddable":true,"href":"https:\/\/ivrt.de\/nl\/wp-json\/wp\/v2\/comments?post=123"}],"version-history":[{"count":1,"href":"https:\/\/ivrt.de\/nl\/wp-json\/wp\/v2\/pages\/123\/revisions"}],"predecessor-version":[{"id":17524,"href":"https:\/\/ivrt.de\/nl\/wp-json\/wp\/v2\/pages\/123\/revisions\/17524"}],"up":[{"embeddable":true,"href":"https:\/\/ivrt.de\/nl\/wp-json\/wp\/v2\/pages\/1356"}],"wp:attachment":[{"href":"https:\/\/ivrt.de\/nl\/wp-json\/wp\/v2\/media?parent=123"}],"curies":[{"name":"wp","href":"https:\/\/api.w.org\/{rel}","templated":true}]}}