{"id":6169,"date":"2024-09-19T22:55:56","date_gmt":"2024-09-19T20:55:56","guid":{"rendered":"https:\/\/ivrt.de\/?page_id=6169"},"modified":"2024-11-01T19:54:24","modified_gmt":"2024-11-01T18:54:24","slug":"lagerungsprobe-befreiungsmanoever-fuer-den-hinteren-bogengang","status":"publish","type":"page","link":"https:\/\/ivrt.de\/en\/interner-bereich\/lagerungsprobe-befreiungsmanoever-fuer-den-hinteren-bogengang\/","title":{"rendered":"Lagerungsprobe &amp; Befreiungsman\u00f6ver f\u00fcr den hinteren Bogengang"},"content":{"rendered":"<div data-elementor-type=\"wp-page\" data-elementor-id=\"6169\" class=\"elementor elementor-6169\" data-elementor-post-type=\"page\">\n\t\t\t\t<div class=\"elementor-element elementor-element-2b8aa4de e-flex e-con-boxed e-con e-parent\" data-id=\"2b8aa4de\" data-element_type=\"container\" data-e-type=\"container\" data-settings=\"{&quot;background_background&quot;:&quot;classic&quot;,&quot;jet_parallax_layout_list&quot;:[]}\">\n\t\t\t\t\t<div class=\"e-con-inner\">\n\t\t\t\t<div class=\"elementor-element elementor-element-13e05c6 elementor-widget elementor-widget-text-editor\" data-id=\"13e05c6\" data-element_type=\"widget\" data-e-type=\"widget\" data-widget_type=\"text-editor.default\">\n\t\t\t\t<div class=\"elementor-widget-container\">\n\t\t\t\t\t\t\t\t\t<p>zur\u00fcck zum <a href=\"\/en\/interner-bereich\/\">internen Bereich<\/a><\/p>\t\t\t\t\t\t\t\t<\/div>\n\t\t\t\t<\/div>\n\t\t\t\t<div class=\"elementor-element elementor-element-36cacdde elementor-widget elementor-widget-heading\" data-id=\"36cacdde\" data-element_type=\"widget\" data-e-type=\"widget\" data-widget_type=\"heading.default\">\n\t\t\t\t<div class=\"elementor-widget-container\">\n\t\t\t\t\t<h2 class=\"elementor-heading-title elementor-size-default\">Positioning Test &amp; Repositioning Maneuver for the Posterior Semicircular Canal<\/h2>\t\t\t\t<\/div>\n\t\t\t\t<\/div>\n\t\t\t\t<div class=\"elementor-element elementor-element-689e3eba elementor-widget elementor-widget-video\" data-id=\"689e3eba\" data-element_type=\"widget\" data-e-type=\"widget\" data-settings=\"{&quot;video_type&quot;:&quot;vimeo&quot;}\" data-widget_type=\"video.default\">\n\t\t\t\t<div class=\"elementor-widget-container\">\n\t\t\t\t\t\t\t<div class=\"elementor-wrapper elementor-open-inline\">\n\t\t\t<iframe class=\"elementor-video-iframe\" allowfullscreen allow=\"clipboard-write\" title=\"vimeo Video Player\" src=\"https:\/\/player.vimeo.com\/video\/1015728779?color&amp;autopause=0&amp;loop=0&amp;muted=0&amp;title=1&amp;portrait=1&amp;byline=1#t=\"><\/iframe>\t\t<\/div>\n\t\t\t\t\t\t<\/div>\n\t\t\t\t<\/div>\n\t\t\t\t\t<\/div>\n\t\t\t\t<\/div>\n\t\t\t\t<\/div>","protected":false},"excerpt":{"rendered":"<p>zur\u00fcck zum internen Bereich Lagerungsprobe &amp; Befreiungsman\u00f6ver f\u00fcr den posterioren Bogengang<\/p>","protected":false},"author":11,"featured_media":0,"parent":1967,"menu_order":0,"comment_status":"closed","ping_status":"closed","template":"","meta":{"_surecart_dashboard_logo_width":"180px","_surecart_dashboard_show_logo":true,"_surecart_dashboard_navigation_orders":true,"_surecart_dashboard_navigation_invoices":true,"_surecart_dashboard_navigation_subscriptions":true,"_surecart_dashboard_navigation_downloads":true,"_surecart_dashboard_navigation_billing":true,"_surecart_dashboard_navigation_account":true,"_jf_save_progress":"","iawp_total_views":4,"footnotes":""},"class_list":["post-6169","page","type-page","status-publish","hentry"],"_links":{"self":[{"href":"https:\/\/ivrt.de\/en\/wp-json\/wp\/v2\/pages\/6169","targetHints":{"allow":["GET"]}}],"collection":[{"href":"https:\/\/ivrt.de\/en\/wp-json\/wp\/v2\/pages"}],"about":[{"href":"https:\/\/ivrt.de\/en\/wp-json\/wp\/v2\/types\/page"}],"author":[{"embeddable":true,"href":"https:\/\/ivrt.de\/en\/wp-json\/wp\/v2\/users\/11"}],"replies":[{"embeddable":true,"href":"https:\/\/ivrt.de\/en\/wp-json\/wp\/v2\/comments?post=6169"}],"version-history":[{"count":0,"href":"https:\/\/ivrt.de\/en\/wp-json\/wp\/v2\/pages\/6169\/revisions"}],"up":[{"embeddable":true,"href":"https:\/\/ivrt.de\/en\/wp-json\/wp\/v2\/pages\/1967"}],"wp:attachment":[{"href":"https:\/\/ivrt.de\/en\/wp-json\/wp\/v2\/media?parent=6169"}],"curies":[{"name":"wp","href":"https:\/\/api.w.org\/{rel}","templated":true}]}}