{"id":517,"date":"2024-06-30T16:49:33","date_gmt":"2024-06-30T16:49:33","guid":{"rendered":"https:\/\/ivrt.de\/?page_id=517"},"modified":"2025-06-13T08:45:04","modified_gmt":"2025-06-13T06:45:04","slug":"lieferbedingungen","status":"publish","type":"page","link":"https:\/\/ivrt.de\/en\/shop\/lieferbedingungen\/","title":{"rendered":"Terms of delivery"},"content":{"rendered":"<h1 class=\"wp-block-heading\">General shipping information<\/h1>\n\n\n\n<p>Please note that deliveries can only be made to private addresses, but not directly to hospitals, clinics and rehabilitation facilities.<br>The shipping costs can be found in the individual products and will be displayed at the end of your order before payment.<\/p>\n\n\n\n<h3 class=\"wp-block-heading\">Important information on shipping to other countries<\/h3>\n\n\n\n<p>International shipments may be subject to duties, taxes and other charges that are not included in the total price.<\/p>\n\n\n\n<h3 class=\"wp-block-heading\">Delivery times<\/h3>\n\n\n\n<p>The delivery times can be found on the individual products and are displayed at the end of your order before payment.<\/p>\n\n\n\n<h3 class=\"wp-block-heading\">Countries to which we ship<\/h3>\n\n\n\n<p>Albania, Andorra, Belgium, Bosnia-Herzegovina, Bulgaria, Denmark, Germany, Estonia, Faroe Islands, Finland, France, Greece, Greenland, Iceland, Ireland, Italy, Croatia, Latvia, Lithuania, Luxembourg, Malta, Monaco, Montenegro, Netherlands, North Macedonia, Norway, Austria, Poland, Portugal, Republic of Moldova, Romania, San Marino, Sweden, Switzerland, Serbia, Slovakia, Slovenia, Spain, Czech Republic, Ukraine, Hungary, Vatican City, United Kingdom, Belarus<\/p>","protected":false},"excerpt":{"rendered":"<p>Allgemeine Versandinformationen Bitte beachte, dass Lieferungen nur an private Adresse geliefert werden k\u00f6nnen, jedoch nicht direkt an Krankenh\u00e4user, Kliniken und Reha-Einrichtungen.Die Versandkosten kannst du den einzelnen Produkten entnehmen und werden dir am Ende deiner Bestellung vor der Bezahlung angezeigt. Wichtige Informationen zum Versand in andere L\u00e4nder Internationale Sendungen k\u00f6nnen Z\u00f6lle, Steuern und anderen Geb\u00fchren unterliegen, [&hellip;]<\/p>\n","protected":false},"author":11,"featured_media":0,"parent":1356,"menu_order":0,"comment_status":"closed","ping_status":"closed","template":"","meta":{"_surecart_dashboard_logo_width":"180px","_surecart_dashboard_show_logo":true,"_surecart_dashboard_navigation_orders":true,"_surecart_dashboard_navigation_invoices":true,"_surecart_dashboard_navigation_subscriptions":true,"_surecart_dashboard_navigation_downloads":true,"_surecart_dashboard_navigation_billing":true,"_surecart_dashboard_navigation_account":true,"_jf_save_progress":"","iawp_total_views":375,"footnotes":""},"class_list":["post-517","page","type-page","status-publish","hentry"],"_links":{"self":[{"href":"https:\/\/ivrt.de\/en\/wp-json\/wp\/v2\/pages\/517","targetHints":{"allow":["GET"]}}],"collection":[{"href":"https:\/\/ivrt.de\/en\/wp-json\/wp\/v2\/pages"}],"about":[{"href":"https:\/\/ivrt.de\/en\/wp-json\/wp\/v2\/types\/page"}],"author":[{"embeddable":true,"href":"https:\/\/ivrt.de\/en\/wp-json\/wp\/v2\/users\/11"}],"replies":[{"embeddable":true,"href":"https:\/\/ivrt.de\/en\/wp-json\/wp\/v2\/comments?post=517"}],"version-history":[{"count":0,"href":"https:\/\/ivrt.de\/en\/wp-json\/wp\/v2\/pages\/517\/revisions"}],"up":[{"embeddable":true,"href":"https:\/\/ivrt.de\/en\/wp-json\/wp\/v2\/pages\/1356"}],"wp:attachment":[{"href":"https:\/\/ivrt.de\/en\/wp-json\/wp\/v2\/media?parent=517"}],"curies":[{"name":"wp","href":"https:\/\/api.w.org\/{rel}","templated":true}]}}