{"id":1353,"date":"2024-07-25T19:24:43","date_gmt":"2024-07-25T19:24:43","guid":{"rendered":"https:\/\/ivrt.de\/bestellvorgang\/"},"modified":"2025-06-18T14:15:15","modified_gmt":"2025-06-18T12:15:15","slug":"bestellvorgang","status":"publish","type":"page","link":"https:\/\/ivrt.de\/en\/shop\/bestellvorgang\/","title":{"rendered":"Order process"},"content":{"rendered":"<div class=\"alignwide wp-block-surecart-checkout-form\"><sc-checkout\n\tclass=\"checkout\"\n\tid=\"sc-checkout-1352\"\n\tclass=\"\"\n\tstyle=\"text-align: left;--sc-form-row-spacing: 25px;\"\n\tmodified=\"2025-09-11 15:15:05\"\n\talignment=\"\"\n\tsuccess-url=\"\"\n>\n\t<sc-form>\n\t\t\t\t\t<sc-checkbox name=\"get_feedback\" value=\"Feedback\" style=\"display: none !important;\"><\/sc-checkbox>\n\t\t\t\t\n\n<div class=\"wp-block-surecart-columns alignfull are-vertically-aligned-top is-full-height is-reversed-on-mobile has-background is-layout-flex wp-container-surecart-columns-is-layout-6516cd2e wp-block-surecart-columns-is-layout-flex\" style=\"background-color:#f3f4f6\">\n<div class=\"wp-block-surecart-column is-vertically-aligned-top is-layout-constrained is-horizontally-aligned-center has-white-background-color has-background\" style=\"padding-top:60px;padding-right:60px;padding-bottom:60px;padding-left:60px;--sc-column-content-width:450px;--sc-form-row-spacing:30px\">\n\t\t<div>\n\n\t\t\t\t\t<div style=\"\">\n\t\t\n\t\t\t<img\n\t\t\t\tsrc=\"https:\/\/media.surecart.com\/7zdx8bl9wk683j6qjbng1fldpk18\"\n\t\t\t\tstyle=\"object-fit: contain; object-position: left;width: 120px; max-width: 180px; max-height: 100px; \"\n\t\t\t\talt=\"\"\n\t\t\t\/>\n\n\t\t\t\t\t<\/div>\n\t\t\n\t\t<\/div>\n\n\t\t\n\n\n<p><a href=\"\/shop\">zur\u00fcck zum Shop<\/a><\/p>\n\n\n\n<sc-checkout-form-errors><\/sc-checkout-form-errors>\n\n\n\n<sc-customer-name label=\"Name\" placeholder=\"Vor- &amp; Nachname\" required class=\"wp-block-surecart-name\"><\/sc-customer-name>\n\n\n\n\t\t<sc-customer-email\n\t\t\tclass=\"\"\n\t\t\tlabel=\"E-Mail\"\n\t\t\tplaceholder=\"deine@email.com\"\t\t\t\t\t\t\t\t\t\t\t\trequired\n\t\t\tautocomplete='email'\n\t\t\tinputmode='email'\n\t\t>\n\t\t<\/sc-customer-email>\n\n\t\t\n\n\n\t\t<sc-order-password\n\t\t\ttype=\"password\"\n\t\t\tname=\"password\"\n\t\t\tclass=\"\"\n\t\t\tlabel=\"Passwort festlegen\"\n\t\t\thelp=\"\"\n\t\t\tautofocus=\"\"\n\t\t\tmaxlength=\"\"\n\t\t\tminlength=\"\"\n\t\t\tplaceholder=\"S1cheres#PassWort\"\n\t\t\tshowLabel=\"1\"\n\t\t\tsize=\"\"\n\t\t\tvalue=\"\"\n\t\t\trequired=\"true\"\n\t\t\tconfirmation=\"false\"\n\t\t\tconfirmation-label=\"Password Confirmation\"\n\t\t\tconfirmation-placeholder=\"\"\n\t\t\tconfirmation-help=\"\"\n\t\t\tenable-validation=\"true\"\n\t\t>\n\t\t<\/sc-order-password>\n\n\t\t\n\n\n<sc-order-tax-id-input tax-id-types=\"[&quot;eu_vat&quot;]\" class=\"wp-block-surecart-tax-id-input\"><\/sc-order-tax-id-input>\n\n\n\n<sc-input label=\"Zertifiziert in (Pflichtfeld, wenn du Brosch\u00fcren oder Flyer bestellst!)\" help=\"\" name=\"Zertifiziert in\" placeholder=\"Jahr eintragen\" size=\"medium\" value=\"\" class=\"wp-block-surecart-input\"><\/sc-input>\n\n\n\t\t<sc-order-shipping-address\n\t\t\tlabel=\"\"\n\t\t\tfull\t\t\tshow-name\t\t\t\t\t\trequired=\"true\"\n\t\t\tdefault-country=\"DE\"\n\t\t><\/sc-order-shipping-address>\n\t\t\t\t\t<sc-order-billing-address\n\t\t\tlabel=\"Rechnungsadresse\"\n\t\t\ttoggle-label=\"Versandadresse ist Rechnungsadresse\"\n\t\t\tshow-name\t\t\t\t\t\tdefault-country=\"DE\"\n\t\t><\/sc-order-billing-address>\n\t\t\t\n\n\n\t\t<sc-payment\n\t\t\tid=\"sc-payment-0\"\n\t\t\tclass=\"\"\n\t\t>\n\t\t\t\t\t\t\t<sc-stripe-payment-element slot=\"stripe\"><\/sc-stripe-payment-element>\n\t\t\t\n\t\t\t\t\t<\/sc-payment>\n\t\t\n\n<sc-conditional-form id=\"sc-conditional-form-1\">\n\n<sc-checkbox name=\"Digitaler Inhalt\" value=\"on\" required>Ich stimme ausdr\u00fccklich zu, dass ich bereits vor Ablauf der R\u00fccktrittsfrist Zugang zu dem digitalen Inhalt haben m\u00f6chte.<\/sc-checkbox>\n\n\n\n<sc-checkbox name=\"Widerrufsrecht\" value=\"on\" required>Ich habe ausdr\u00fccklich zur Kenntnis genommen, dass ich mit der sofortigen Bereitstellung des digitalen Inhalts mein Widerrufsrecht verliere. <\/sc-checkbox>\n\n<\/sc-conditional-form>\n\n\n<sc-checkbox name=\"Bestellung AGBs\" value=\"on\" required>Hiermit stimme ich den <a href=\"https:\/\/ivrt.de\/shop\/agb\/\" data-type=\"page\" data-id=\"516\" target=\"_blank\" rel=\"noreferrer noopener\">AGBs<\/a> von IVRT zu.<\/sc-checkbox>\n\n\n\n<sc-order-submit type=\"primary\" full=\"true\" size=\"large\" icon=\"lock\" show-total=\"true\" secure-notice=\"true\" secure-notice-text=\"Dies ist eine sichere, verschl\u00fcsselte Zahlung.\" class=\"wp-block-surecart-submit\">kostenpflichtig bestellen<\/sc-order-submit>\n\n\n\n<p><strong>K\u00f6rperschaft, Anstalt oder Stiftung des \u00f6ffentlichen Rechts?<\/strong><\/p>\n\n\n\n<p>Sie sind eine Einrichtung \u00f6ffentlichen Rechts und k\u00f6nnen nur auf Rechnung kaufen? Wir k\u00f6nnen ihnen den Rechnungskauf einrichten.<\/p>\n\n\n\n<div class=\"wp-block-buttons has-custom-font-size has-small-font-size is-content-justification-left is-layout-flex wp-container-core-buttons-is-layout-1b5b2107 wp-block-buttons-is-layout-flex\" style=\"margin-top:0;margin-bottom:0\">\n<div class=\"wp-block-button\"><a class=\"wp-block-button__link has-white-color has-surecart-background-color has-text-color has-background has-link-color wp-element-button\" href=\"\/kontakt\" style=\"border-radius:5px\">Anfrage f\u00fcr Rechnungskauf stellen<\/a><\/div>\n<\/div>\n<\/div>\n\n\n\n<div class=\"wp-block-surecart-column is-vertically-aligned-top is-sticky is-layout-constrained is-horizontally-aligned-right\" style=\"padding-top:60px;padding-right:60px;padding-bottom:60px;padding-left:60px;--sc-form-row-spacing:30px\">\n<sc-order-summary collapsible=\"1\" order-summary-text=\"\" invoice-summary-text=\"\" collapsed-on-mobile=\"1\" class=\"wp-block-surecart-totals\">\n<sc-divider><\/sc-divider>\n\n\n\n<sc-line-items removable=\"1\" editable=\"1\" class=\"wp-block-surecart-line-items\"><\/sc-line-items>\n\n\n\n<sc-divider><\/sc-divider>\n\n\n\n<sc-line-item-total total=\"subtotal\" class=\"wp-block-surecart-subtotal\"><span slot=\"description\">Zwischensumme<\/span><span slot=\"total-payments-description\">Ratenzahlungen insgesamt<\/span><span slot=\"first-payment-subtotal-description\">Erste Zahlung<\/span><\/sc-line-item-total>\n\n\n\t\t<sc-order-coupon-form\n\t\t\tlabel=\"\"\n\t\t\tplaceholder=\"Gutscheincode eingeben\"\n\t\t\tbutton-text=\"\"\n\t\t\tcollapsed>\n\t\t<\/sc-order-coupon-form>\n\t\t\n\n\n<sc-line-item-shipping label=\"Versand\" class=\"wp-block-surecart-line-item-shipping\"><\/sc-line-item-shipping>\n\n\n\n<sc-line-item-tax class=\"wp-block-surecart-tax-line-item\"><\/sc-line-item-tax>\n\n\n\n<sc-divider><\/sc-divider>\n\n\n\n<sc-line-item-total total=\"total\" size=\"large\" show-currency=\"1\" class=\"wp-block-surecart-total\"><span slot=\"title\">Gesamt<\/span><span slot=\"subscription-title\">F\u00e4llig heute<\/span><span slot=\"first-payment-total-description\">Zwischensumme<\/span><span slot=\"free-trial-description\">Trial<\/span><span slot=\"due-amount-description\">F\u00e4lliger Betrag<\/span><\/sc-line-item-total>\n<\/sc-order-summary>\n<\/div>\n<\/div>\n\n\t<\/sc-form>\n<\/sc-checkout>\n<\/div>\n\n\n<div style=\"height:20px\" aria-hidden=\"true\" class=\"wp-block-spacer\"><\/div>\n","protected":false},"excerpt":{"rendered":"","protected":false},"author":11,"featured_media":0,"parent":1356,"menu_order":0,"comment_status":"closed","ping_status":"closed","template":"","meta":{"_surecart_dashboard_logo_width":"180px","_surecart_dashboard_show_logo":true,"_surecart_dashboard_navigation_orders":true,"_surecart_dashboard_navigation_invoices":true,"_surecart_dashboard_navigation_subscriptions":true,"_surecart_dashboard_navigation_downloads":true,"_surecart_dashboard_navigation_billing":true,"_surecart_dashboard_navigation_account":true,"_jf_save_progress":"","iawp_total_views":3202,"footnotes":""},"class_list":["post-1353","page","type-page","status-publish","hentry"],"_links":{"self":[{"href":"https:\/\/ivrt.de\/en\/wp-json\/wp\/v2\/pages\/1353","targetHints":{"allow":["GET"]}}],"collection":[{"href":"https:\/\/ivrt.de\/en\/wp-json\/wp\/v2\/pages"}],"about":[{"href":"https:\/\/ivrt.de\/en\/wp-json\/wp\/v2\/types\/page"}],"author":[{"embeddable":true,"href":"https:\/\/ivrt.de\/en\/wp-json\/wp\/v2\/users\/11"}],"replies":[{"embeddable":true,"href":"https:\/\/ivrt.de\/en\/wp-json\/wp\/v2\/comments?post=1353"}],"version-history":[{"count":0,"href":"https:\/\/ivrt.de\/en\/wp-json\/wp\/v2\/pages\/1353\/revisions"}],"up":[{"embeddable":true,"href":"https:\/\/ivrt.de\/en\/wp-json\/wp\/v2\/pages\/1356"}],"wp:attachment":[{"href":"https:\/\/ivrt.de\/en\/wp-json\/wp\/v2\/media?parent=1353"}],"curies":[{"name":"wp","href":"https:\/\/api.w.org\/{rel}","templated":true}]}}