{"id":123,"date":"2024-06-23T22:00:24","date_gmt":"2024-06-23T22:00:24","guid":{"rendered":"https:\/\/ivrt.de\/?page_id=123"},"modified":"2026-02-16T12:03:46","modified_gmt":"2026-02-16T11:03:46","slug":"impressum","status":"publish","type":"page","link":"https:\/\/ivrt.de\/en\/shop\/impressum\/","title":{"rendered":"Imprint"},"content":{"rendered":"<p>Information according to \u00a7 5 DDG:&nbsp;<\/p>\n\n\n\n<h2 class=\"wp-block-heading\">Anschrift:&nbsp;<\/h2>\n\n\n\n<p><strong>Institut f\u00fcr vestibul\u00e4re Rehabilitation (IVRT<\/strong>\u00ae<strong>)<\/strong><br><strong>Planckstra\u00dfe 13<\/strong><br><strong>22765 Hamburg<\/strong><\/p>\n\n\n\n<p>Represented by:<br><strong>Firat Kesgin<\/strong><\/p>\n\n\n\n<p>Dieses Impressum gilt auch f\u00fcr die Social-Media-Profile bei&nbsp;<a href=\"https:\/\/www.facebook.com\/ivrt123\">Facebook<\/a>,&nbsp;<a href=\"https:\/\/instagram.com\/ivrt.vestibular\">Instagram<\/a>, <a href=\"https:\/\/www.linkedin.com\/in\/firatkesgin\/?originalSubdomain=de\">LinkedIn<\/a>&nbsp;and <a href=\"https:\/\/www.youtube.com\/channel\/UC8Ys2QxVZEM1TsacUhJxftw\">YouTube<\/a>.&nbsp;<\/p>\n\n\n\n<h2 class=\"wp-block-heading\">Contact:<\/h2>\n\n\n\n<p><strong>Phone: +49 40 36 03 82 66<\/strong><br><strong>E-Mail: <a href=\"mailto:office@ivrt.de\">office@ivrt.de<\/a><\/strong><\/p>\n\n\n\n<h2 class=\"wp-block-heading\">VAT ID<\/h2>\n\n\n\n<p>Value added tax identification number in accordance with \u00a7 27 a of the Value Added Tax Act:<br>DE365578112<\/p>\n\n\n\n<h2 class=\"wp-block-heading\">Online dispute resolution procedure<\/h2>\n\n\n\n<p>We are neither willing nor obliged to participate in dispute resolution proceedings before a consumer arbitration board.<\/p>\n\n\n\n<h2 class=\"wp-block-heading\">Liability for content<\/h2>\n\n\n\n<p>Als Diensteanbieter sind wir gem\u00e4\u00df \u00a7 7 Abs.1 DDG f\u00fcr eigene Inhalte auf diesen Seiten nach den allgemeinen Gesetzen verantwortlich. Nach \u00a7\u00a7 8 bis 10 DDG sind wir als Diensteanbieter jedoch nicht verpflichtet, \u00fcbermittelte oder gespeicherte fremde Informationen zu \u00fcberwachen oder nach Umst\u00e4nden zu forschen, die auf eine rechtswidrige T\u00e4tigkeit hinweisen.<\/p>\n\n\n\n<p>Obligations to remove or block the use of information in accordance with general legislation remain unaffected by this. However, liability in this respect is only possible from the time we become aware of a specific infringement. As soon as we become aware of such infringements, we will remove this content immediately.<\/p>\n\n\n\n<h2 class=\"wp-block-heading\">Liability for links<\/h2>\n\n\n\n<p>Our website contains links to external third-party websites over whose content we have no influence. Therefore, we cannot accept any liability for this third-party content. The respective provider or operator of the pages is always responsible for the content of the linked pages. The linked pages were checked for possible legal violations at the time of linking. Illegal contents were not recognizable at the time of linking.<\/p>\n\n\n\n<p>However, permanent monitoring of the content of the linked pages is not reasonable without concrete evidence of an infringement. If we become aware of any legal infringements, we will remove such links immediately.<\/p>\n\n\n\n<h2 class=\"wp-block-heading\">Copyright &amp; trademark law<\/h2>\n\n\n\n<p>The content and works created by the site operators on these pages are subject to German copyright law. Duplication, processing, distribution and any form of commercialization of such material beyond the scope of the copyright law shall require the prior written consent of its respective author or creator. Downloads and copies of this site are only permitted for private, non-commercial use.<br>The content and works created by the site operators on these pages are subject to German copyright law. Duplication, processing, distribution and any form of commercialization of such material beyond the scope of the copyright law shall require the prior written consent of its respective author or creator. Downloads and copies of this site are only permitted for private, non-commercial use.<\/p>\n\n\n\n<p>Customers are obliged to keep their password secret and to secure access to their customer account. If there are indications that third parties have gained unauthorized access to the customer account, the IVRT must be informed immediately and the customer must change the password.<\/p>\n\n\n\n<p>Since the IVRT can only check the accuracy of the data stored for the customer to a limited extent, even if written proof is provided, the provision of incorrect data by a customer cannot be ruled out.<br>The customer account may not be transferred to third parties.<\/p>\n\n\n\n<p>Any rights of use expressly include only you; the transfer of access data to third parties or joint use with third parties who have not purchased access is not permitted.<\/p>\n\n\n\n<p>Only customers who have booked the IVRT\u00ae online course may participate in the IVRT\u00ae online courses. Other persons may not be allowed to participate actively or passively.<\/p>","protected":false},"excerpt":{"rendered":"<p>Angaben gem\u00e4\u00df \u00a7 5 DDG:&nbsp; Anschrift:&nbsp; Institut f\u00fcr vestibul\u00e4re Rehabilitation (IVRT\u00ae)Planckstra\u00dfe 1322765 Hamburg Vertreten durch:Firat Kesgin Dieses Impressum gilt auch f\u00fcr die Social-Media-Profile bei&nbsp;Facebook,&nbsp;Instagram, LinkedIn&nbsp;und YouTube.&nbsp; Kontakt: Telefon: +49 40 36 03 82 66E-Mail: office@ivrt.de Umsatzsteuer-ID Umsatzsteuer-Identifikationsnummer gem\u00e4\u00df \u00a7 27 a Umsatzsteuergesetz:DE365578112 Online Streitbeilegungsverfahren Wir sind nicht bereit oder verpflichtet, an Streitbeilegungsverfahren vor einer Verbraucherschlichtungsstelle [&hellip;]<\/p>\n","protected":false},"author":11,"featured_media":0,"parent":1356,"menu_order":0,"comment_status":"closed","ping_status":"closed","template":"","meta":{"_surecart_dashboard_logo_width":"180px","_surecart_dashboard_show_logo":true,"_surecart_dashboard_navigation_orders":true,"_surecart_dashboard_navigation_invoices":true,"_surecart_dashboard_navigation_subscriptions":true,"_surecart_dashboard_navigation_downloads":true,"_surecart_dashboard_navigation_billing":true,"_surecart_dashboard_navigation_account":true,"_jf_save_progress":"","iawp_total_views":1988,"footnotes":""},"class_list":["post-123","page","type-page","status-publish","hentry"],"_links":{"self":[{"href":"https:\/\/ivrt.de\/en\/wp-json\/wp\/v2\/pages\/123","targetHints":{"allow":["GET"]}}],"collection":[{"href":"https:\/\/ivrt.de\/en\/wp-json\/wp\/v2\/pages"}],"about":[{"href":"https:\/\/ivrt.de\/en\/wp-json\/wp\/v2\/types\/page"}],"author":[{"embeddable":true,"href":"https:\/\/ivrt.de\/en\/wp-json\/wp\/v2\/users\/11"}],"replies":[{"embeddable":true,"href":"https:\/\/ivrt.de\/en\/wp-json\/wp\/v2\/comments?post=123"}],"version-history":[{"count":1,"href":"https:\/\/ivrt.de\/en\/wp-json\/wp\/v2\/pages\/123\/revisions"}],"predecessor-version":[{"id":17524,"href":"https:\/\/ivrt.de\/en\/wp-json\/wp\/v2\/pages\/123\/revisions\/17524"}],"up":[{"embeddable":true,"href":"https:\/\/ivrt.de\/en\/wp-json\/wp\/v2\/pages\/1356"}],"wp:attachment":[{"href":"https:\/\/ivrt.de\/en\/wp-json\/wp\/v2\/media?parent=123"}],"curies":[{"name":"wp","href":"https:\/\/api.w.org\/{rel}","templated":true}]}}