{"id":1108,"date":"2024-07-18T14:04:19","date_gmt":"2024-07-18T14:04:19","guid":{"rendered":"https:\/\/ivrt.de\/?page_id=1108"},"modified":"2024-11-01T18:10:47","modified_gmt":"2024-11-01T17:10:47","slug":"buchung-ausbildung","status":"publish","type":"page","link":"https:\/\/ivrt.de\/en\/fuer-medizinisches-fachpersonal\/fortbildungssuche-old\/buchung-ausbildung\/","title":{"rendered":"Buchung f\u00fcr Ausbildung"},"content":{"rendered":"<div data-elementor-type=\"wp-page\" data-elementor-id=\"1108\" class=\"elementor elementor-1108\" data-elementor-post-type=\"page\">\n\t\t\t\t<div class=\"elementor-element elementor-element-ce6624a e-flex e-con-boxed e-con e-parent\" data-id=\"ce6624a\" data-element_type=\"container\" data-e-type=\"container\" data-settings=\"{&quot;jet_parallax_layout_list&quot;:[]}\">\n\t\t\t\t\t<div class=\"e-con-inner\">\n\t\t\t\t<div class=\"elementor-element elementor-element-2ce97ff3 elementor-widget__width-inherit elementor-invisible elementor-widget elementor-widget-heading\" data-id=\"2ce97ff3\" data-element_type=\"widget\" data-e-type=\"widget\" data-settings=\"{&quot;_animation&quot;:&quot;fadeInUp&quot;,&quot;_animation_delay&quot;:200}\" data-widget_type=\"heading.default\">\n\t\t\t\t<div class=\"elementor-widget-container\">\n\t\t\t\t\t<h2 class=\"elementor-heading-title elementor-size-default\">Kursinhalte<\/h2>\t\t\t\t<\/div>\n\t\t\t\t<\/div>\n\t\t\t\t\t<\/div>\n\t\t\t\t<\/div>\n\t\t<div class=\"elementor-element elementor-element-186440cd e-flex e-con-boxed e-con e-parent\" data-id=\"186440cd\" data-element_type=\"container\" data-e-type=\"container\" data-settings=\"{&quot;jet_parallax_layout_list&quot;:[]}\">\n\t\t\t\t\t<div class=\"e-con-inner\">\n\t\t<div class=\"elementor-element elementor-element-8c30dfd e-con-full e-flex e-con e-child\" data-id=\"8c30dfd\" data-element_type=\"container\" data-e-type=\"container\" data-settings=\"{&quot;jet_parallax_layout_list&quot;:[]}\">\n\t\t\t\t<div class=\"elementor-element elementor-element-2212065 elementor-invisible elementor-widget elementor-widget-elementskit-accordion\" data-id=\"2212065\" data-element_type=\"widget\" data-e-type=\"widget\" data-settings=\"{&quot;_animation&quot;:&quot;fadeInUp&quot;,&quot;_animation_delay&quot;:400}\" data-widget_type=\"elementskit-accordion.default\">\n\t\t\t\t<div class=\"elementor-widget-container\">\n\t\t\t\t\t<div class=\"ekit-wid-con\" >\n        <div class=\"elementskit-accordion accoedion-primary\" id=\"accordion-69da116559001\">\n\n            \n                <div class=\"elementskit-card\">\n                    <div class=\"elementskit-card-header\" id=\"primaryHeading-0-2212065\">\n                        <a href=\"#collapse-00e2dc369da116559001\" class=\"ekit-accordion--toggler elementskit-btn-link collapsed\" data-ekit-toggle=\"collapse\" data-target=\"#Collapse-00e2dc369da116559001\" aria-expanded=\"false\" aria-controls=\"Collapse-00e2dc369da116559001\">\n                            \n                            <span class=\"ekit-accordion-title\">Modul 1\u200b<\/span>\n\n                            \n                                <div class=\"ekit_accordion_icon_group\">\n                                    <div class=\"ekit_accordion_normal_icon\">\n                                        <!-- Normal Icon -->\n\t\t\t\t\t\t\t\t\t\t<i class=\"icon icon-down-arrow1\"><\/i>                                    <\/div>\n\n                                    <div class=\"ekit_accordion_active_icon\">\n                                        <!-- Active Icon -->\n\t\t\t\t\t\t\t\t\t\t<i class=\"icon icon-up-arrow\"><\/i>                                    <\/div>\n                                <\/div>\n\n                            \n                                                    <\/a>\n                    <\/div>\n\n                    <div id=\"Collapse-00e2dc369da116559001\" class=\"collapse\" aria-labelledby=\"primaryHeading-0-2212065\" data-parent=\"#accordion-69da116559001\">\n\n                        <div class=\"elementskit-card-body ekit-accordion--content\">\n                            <p><strong>Theory<\/strong><\/p><ul><li>Relevant anatomy and physiology<\/li><li>Pathology: Acoustic neuroma, vestibular neuritis, ototoxicity, Meniere's disease, presbyvestibulopathy and benign paroxysmal positional vertigo<\/li><li>To know, understand, and interpret medical-technical examinations<\/li><\/ul><p>\u00a0<\/p><p><strong>Practice<\/strong><\/p><ul><li>Examination of the vestibular organ: Diagnostic tests or test battery with high reliability to detect a vestibular hypofunction\/disorder<\/li><li>Exercises as part of vestibular rehabilitation therapy: evidence-based and effective therapy for vestibular dizziness<\/li><li>Diagnosis and treatment of benign paroxysmal positional vertigo: Reliable positional testing and evidence-based relief maneuvers<\/li><li>Assessments: Dizziness Handicap Inventory, Activities-Specific Balance Confidence Scale and Functional Gait Assessment<\/li><li>Critical evaluation of the evidence on cervicogenic vertigo and treatment recommendations<\/li><\/ul>                        <\/div>\n\n                    <\/div>\n\n                <\/div><!-- .elementskit-card END -->\n\n                \n                <div class=\"elementskit-card\">\n                    <div class=\"elementskit-card-header\" id=\"primaryHeading-1-2212065\">\n                        <a href=\"#collapse-1aa731169da116559001\" class=\"ekit-accordion--toggler elementskit-btn-link collapsed\" data-ekit-toggle=\"collapse\" data-target=\"#Collapse-1aa731169da116559001\" aria-expanded=\"false\" aria-controls=\"Collapse-1aa731169da116559001\">\n                            \n                            <span class=\"ekit-accordion-title\">Module 2<\/span>\n\n                            \n                                <div class=\"ekit_accordion_icon_group\">\n                                    <div class=\"ekit_accordion_normal_icon\">\n                                        <!-- Normal Icon -->\n\t\t\t\t\t\t\t\t\t\t<i class=\"icon icon-down-arrow1\"><\/i>                                    <\/div>\n\n                                    <div class=\"ekit_accordion_active_icon\">\n                                        <!-- Active Icon -->\n\t\t\t\t\t\t\t\t\t\t<i class=\"icon icon-up-arrow\"><\/i>                                    <\/div>\n                                <\/div>\n\n                            \n                                                    <\/a>\n                    <\/div>\n\n                    <div id=\"Collapse-1aa731169da116559001\" class=\"collapse\" aria-labelledby=\"primaryHeading-1-2212065\" data-parent=\"#accordion-69da116559001\">\n\n                        <div class=\"elementskit-card-body ekit-accordion--content\">\n                            <p><strong>Theory<\/strong><\/p><ul><li>Pathology of non-vestibular causes: Side effects of medication, cardiovascular causes and metabolic\/internal causes<\/li><li>Pathology: Vestibular migraine, post-traumatic dizziness and persistent postural-perceptual dizziness (PPPD)<\/li><\/ul><p>\u00a0<\/p><p><strong>Practice<\/strong><\/p><ul><li>Therapeutic assessment and treatment of non-vestibular diseases<\/li><li>Further tests\/assessments for visual dizziness, among other things<\/li><li>Vestibular rehabilitation for vestibular migraine and persistent postural-perceptual dizziness (PPPD)<\/li><li>Gemeinsame Befunderhebung und Behandlung eines \"Demo-Patienten\"<\/li><\/ul><p>Handicap Inventory, Activities-Specific Balance Confidence Scale und Functional Gait Assessment<\/p><ul><li>Critical evaluation of the evidence on cervicogenic vertigo and treatment recommendations<\/li><\/ul>                        <\/div>\n\n                    <\/div>\n\n                <\/div><!-- .elementskit-card END -->\n\n                \n                <div class=\"elementskit-card\">\n                    <div class=\"elementskit-card-header\" id=\"primaryHeading-2-2212065\">\n                        <a href=\"#collapse-2ad0dde69da116559001\" class=\"ekit-accordion--toggler elementskit-btn-link collapsed\" data-ekit-toggle=\"collapse\" data-target=\"#Collapse-2ad0dde69da116559001\" aria-expanded=\"false\" aria-controls=\"Collapse-2ad0dde69da116559001\">\n                            \n                            <span class=\"ekit-accordion-title\">Refresher<\/span>\n\n                            \n                                <div class=\"ekit_accordion_icon_group\">\n                                    <div class=\"ekit_accordion_normal_icon\">\n                                        <!-- Normal Icon -->\n\t\t\t\t\t\t\t\t\t\t<i class=\"icon icon-down-arrow1\"><\/i>                                    <\/div>\n\n                                    <div class=\"ekit_accordion_active_icon\">\n                                        <!-- Active Icon -->\n\t\t\t\t\t\t\t\t\t\t<i class=\"icon icon-up-arrow\"><\/i>                                    <\/div>\n                                <\/div>\n\n                            \n                                                    <\/a>\n                    <\/div>\n\n                    <div id=\"Collapse-2ad0dde69da116559001\" class=\"collapse\" aria-labelledby=\"primaryHeading-2-2212065\" data-parent=\"#accordion-69da116559001\">\n\n                        <div class=\"elementskit-card-body ekit-accordion--content\">\n                            <p><strong>Theory<\/strong><\/p><ul><li>Review of unresolved questions, atypical case studies, and both positive and negative experiences gained since finishing the course.<\/li><li>Discussion and update of the new content in the script, as the script is continuously evaluated and pedagogically adapted. Accordingly, participants receive the updated course materials on pathology, assessment, and treatment.<\/li><\/ul><p>\u00a0<\/p><p><strong>Practice<\/strong><\/p><ul><li>Training with the condensed test battery for vestibular vertigo<\/li><li>Supervision of all positional tests and maneuvers, supplemented with current new findings<\/li><li>Vertiefung der Diagnostik und Behandlung sowohl der vestibul\u00e4ren Migr\u00e4ne als auch des funktionellen Schwindels, die in den letzten 3 Jahren um jeweils 1 - 2 Unterrichtseinheiten erweitert wurden. Der neue, detailliertere Inhalt wird mit Hilfe von Fallbeispielen wiederholt.<\/li><\/ul>                        <\/div>\n\n                    <\/div>\n\n                <\/div><!-- .elementskit-card END -->\n\n                                        <\/div>\n    <\/div>\t\t\t\t<\/div>\n\t\t\t\t<\/div>\n\t\t\t\t<\/div>\n\t\t<div class=\"elementor-element elementor-element-46317d1 e-con-full elementor-hidden-desktop elementor-hidden-tablet elementor-hidden-mobile e-flex elementor-invisible e-con e-child\" data-id=\"46317d1\" data-element_type=\"container\" data-e-type=\"container\" data-settings=\"{&quot;background_background&quot;:&quot;classic&quot;,&quot;animation&quot;:&quot;fadeInUp&quot;,&quot;animation_delay&quot;:400,&quot;jet_parallax_layout_list&quot;:[]}\">\n\t\t<div class=\"elementor-element elementor-element-b756889 e-con-full e-flex e-con e-child\" data-id=\"b756889\" data-element_type=\"container\" data-e-type=\"container\" data-settings=\"{&quot;jet_parallax_layout_list&quot;:[]}\">\n\t\t\t\t<div class=\"elementor-element elementor-element-da55da8 elementor-widget__width-inherit elementor-widget elementor-widget-heading\" data-id=\"da55da8\" data-element_type=\"widget\" data-e-type=\"widget\" data-widget_type=\"heading.default\">\n\t\t\t\t<div class=\"elementor-widget-container\">\n\t\t\t\t\t<h3 class=\"elementor-heading-title elementor-size-default\">Module 2<\/h3>\t\t\t\t<\/div>\n\t\t\t\t<\/div>\n\t\t\t\t<div class=\"elementor-element elementor-element-d1e7406 elementor-icon-list--layout-inline elementor-icon-list-ico-position-0 elementor-widget__width-inherit elementor-list-item-link-full_width elementor-widget elementor-widget-icon-list\" data-id=\"d1e7406\" data-element_type=\"widget\" data-e-type=\"widget\" data-widget_type=\"icon-list.default\">\n\t\t\t\t<div class=\"elementor-widget-container\">\n\t\t\t\t\t\t\t<ul class=\"elementor-icon-list-items elementor-inline-items\">\n\t\t\t\t\t\t\t<li class=\"elementor-icon-list-item elementor-inline-item\">\n\t\t\t\t\t\t\t\t\t\t\t<span class=\"elementor-icon-list-icon\">\n\t\t\t\t\t\t\t<i aria-hidden=\"true\" class=\"icon icon-license\"><\/i>\t\t\t\t\t\t<\/span>\n\t\t\t\t\t\t\t\t\t\t<span class=\"elementor-icon-list-text\">Zertifiziert<\/span>\n\t\t\t\t\t\t\t\t\t<\/li>\n\t\t\t\t\t\t<\/ul>\n\t\t\t\t\t\t<\/div>\n\t\t\t\t<\/div>\n\t\t\t\t<div class=\"elementor-element elementor-element-b8b8269 elementor-widget elementor-widget-text-editor\" data-id=\"b8b8269\" data-element_type=\"widget\" data-e-type=\"widget\" data-widget_type=\"text-editor.default\">\n\t\t\t\t<div class=\"elementor-widget-container\">\n\t\t\t\t\t\t\t\t\t<p>Theory<\/p><ul><li>Pathology of non-vestibular causes: Side effects of medication, cardiovascular causes and metabolic\/internal causes<\/li><li>Pathology: Vestibular migraine, post-traumatic dizziness and persistent postural-perceptual dizziness (PPPD)<\/li><\/ul><p>Practice<\/p><ul><li>Therapeutic assessment and treatment of non-vestibular diseases<\/li><li>Further tests\/assessments for visual dizziness, among other things<\/li><li>Vestibular rehabilitation for vestibular migraine and persistent postural-perceptual dizziness (PPPD)<\/li><li>Joint assessment and treatment of a \"demo patient\"<\/li><\/ul>\t\t\t\t\t\t\t\t<\/div>\n\t\t\t\t<\/div>\n\t\t\t\t<\/div>\n\t\t<div class=\"elementor-element elementor-element-9ce93e4 e-con-full e-flex e-con e-child\" data-id=\"9ce93e4\" data-element_type=\"container\" data-e-type=\"container\" data-settings=\"{&quot;jet_parallax_layout_list&quot;:[]}\">\n\t\t\t\t<div class=\"elementor-element elementor-element-74a68ea elementor-widget elementor-widget-image\" data-id=\"74a68ea\" data-element_type=\"widget\" data-e-type=\"widget\" data-widget_type=\"image.default\">\n\t\t\t\t<div class=\"elementor-widget-container\">\n\t\t\t\t\t\t\t\t\t\t\t\t\t\t\t<img decoding=\"async\" src=\"https:\/\/ivrt.de\/wp-content\/uploads\/2024\/07\/3R7A1440-scaled.jpg\" title=\"\" alt=\"\" loading=\"lazy\" \/>\t\t\t\t\t\t\t\t\t\t\t\t\t\t\t<\/div>\n\t\t\t\t<\/div>\n\t\t\t\t<\/div>\n\t\t\t\t<\/div>\n\t\t<div class=\"elementor-element elementor-element-47928b7 e-con-full elementor-hidden-desktop elementor-hidden-tablet elementor-hidden-mobile e-flex elementor-invisible e-con e-child\" data-id=\"47928b7\" data-element_type=\"container\" data-e-type=\"container\" data-settings=\"{&quot;background_background&quot;:&quot;classic&quot;,&quot;animation&quot;:&quot;fadeInUp&quot;,&quot;animation_delay&quot;:400,&quot;jet_parallax_layout_list&quot;:[]}\">\n\t\t<div class=\"elementor-element elementor-element-9319a6e e-con-full e-flex e-con e-child\" data-id=\"9319a6e\" data-element_type=\"container\" data-e-type=\"container\" data-settings=\"{&quot;jet_parallax_layout_list&quot;:[]}\">\n\t\t\t\t<div class=\"elementor-element elementor-element-556ee70 elementor-widget__width-inherit elementor-widget elementor-widget-heading\" data-id=\"556ee70\" data-element_type=\"widget\" data-e-type=\"widget\" data-widget_type=\"heading.default\">\n\t\t\t\t<div class=\"elementor-widget-container\">\n\t\t\t\t\t<h3 class=\"elementor-heading-title elementor-size-default\">Refresher<\/h3>\t\t\t\t<\/div>\n\t\t\t\t<\/div>\n\t\t\t\t<div class=\"elementor-element elementor-element-44c9730 elementor-icon-list--layout-inline elementor-icon-list-ico-position-0 elementor-widget__width-inherit elementor-list-item-link-full_width elementor-widget elementor-widget-icon-list\" data-id=\"44c9730\" data-element_type=\"widget\" data-e-type=\"widget\" data-widget_type=\"icon-list.default\">\n\t\t\t\t<div class=\"elementor-widget-container\">\n\t\t\t\t\t\t\t<ul class=\"elementor-icon-list-items elementor-inline-items\">\n\t\t\t\t\t\t\t<li class=\"elementor-icon-list-item elementor-inline-item\">\n\t\t\t\t\t\t\t\t\t\t\t<span class=\"elementor-icon-list-icon\">\n\t\t\t\t\t\t\t<i aria-hidden=\"true\" class=\"icon icon-license\"><\/i>\t\t\t\t\t\t<\/span>\n\t\t\t\t\t\t\t\t\t\t<span class=\"elementor-icon-list-text\">Zertifiziert<\/span>\n\t\t\t\t\t\t\t\t\t<\/li>\n\t\t\t\t\t\t<\/ul>\n\t\t\t\t\t\t<\/div>\n\t\t\t\t<\/div>\n\t\t\t\t<div class=\"elementor-element elementor-element-55e7728 elementor-widget elementor-widget-text-editor\" data-id=\"55e7728\" data-element_type=\"widget\" data-e-type=\"widget\" data-widget_type=\"text-editor.default\">\n\t\t\t\t<div class=\"elementor-widget-container\">\n\t\t\t\t\t\t\t\t\t<p>Theory<\/p><ul><li>Review of unresolved questions, atypical case studies, and both positive and negative experiences gained since finishing the course.<\/li><li>Discussion and update of the new content in the script, as the script is continuously evaluated and pedagogically adapted. Accordingly, participants receive the updated course materials on pathology, assessment, and treatment.<\/li><\/ul><p>Practice<\/p><ul><li>Training with the condensed test battery for vestibular vertigo<\/li><li>Supervision of all positional tests and maneuvers, supplemented with current new findings<\/li><li>Advanced instruction on diagnosing and treating vestibular migraine and functional dizziness, with 1\u20132 additional teaching units added for each over the last three years. The new, comprehensive content is revisited through illustrative cases.<\/li><\/ul>\t\t\t\t\t\t\t\t<\/div>\n\t\t\t\t<\/div>\n\t\t\t\t<\/div>\n\t\t<div class=\"elementor-element elementor-element-8fbf5b3 e-con-full e-flex e-con e-child\" data-id=\"8fbf5b3\" data-element_type=\"container\" data-e-type=\"container\" data-settings=\"{&quot;jet_parallax_layout_list&quot;:[]}\">\n\t\t\t\t<div class=\"elementor-element elementor-element-46573d3 elementor-widget elementor-widget-image\" data-id=\"46573d3\" data-element_type=\"widget\" data-e-type=\"widget\" data-widget_type=\"image.default\">\n\t\t\t\t<div class=\"elementor-widget-container\">\n\t\t\t\t\t\t\t\t\t\t\t\t\t\t\t<img fetchpriority=\"high\" decoding=\"async\" width=\"683\" height=\"1024\" src=\"https:\/\/ivrt.de\/wp-content\/uploads\/2024\/09\/3R7A1372-683x1024.jpg\" class=\"attachment-large size-large wp-image-3877\" alt=\"\" srcset=\"https:\/\/ivrt.de\/wp-content\/uploads\/2024\/09\/3R7A1372-683x1024.jpg 683w, https:\/\/ivrt.de\/wp-content\/uploads\/2024\/09\/3R7A1372-200x300.jpg 200w, https:\/\/ivrt.de\/wp-content\/uploads\/2024\/09\/3R7A1372-768x1152.jpg 768w, https:\/\/ivrt.de\/wp-content\/uploads\/2024\/09\/3R7A1372-1024x1536.jpg 1024w, https:\/\/ivrt.de\/wp-content\/uploads\/2024\/09\/3R7A1372-1365x2048.jpg 1365w, https:\/\/ivrt.de\/wp-content\/uploads\/2024\/09\/3R7A1372-scaled.jpg 1707w\" sizes=\"(max-width: 683px) 100vw, 683px\" \/>\t\t\t\t\t\t\t\t\t\t\t\t\t\t\t<\/div>\n\t\t\t\t<\/div>\n\t\t\t\t<\/div>\n\t\t\t\t<\/div>\n\t\t\t\t<div class=\"elementor-element elementor-element-4feedbbe elementor-widget__width-inherit elementor-invisible elementor-widget elementor-widget-text-editor\" data-id=\"4feedbbe\" data-element_type=\"widget\" data-e-type=\"widget\" data-settings=\"{&quot;_animation&quot;:&quot;fadeInUp&quot;}\" data-widget_type=\"text-editor.default\">\n\t\t\t\t<div class=\"elementor-widget-container\">\n\t\t\t\t\t\t\t\t\t<p>Eine ausf\u00fchrliche Kursbeschreibung findest du <a href=\"\/en\/fuer-medizinisches-fachpersonal\/vorstellung-der-ausbildung\/#ivrt-fortbildung\" target=\"_blank\" rel=\"noopener\">here<\/a>.<\/p>\t\t\t\t\t\t\t\t<\/div>\n\t\t\t\t<\/div>\n\t\t\t\t\t<\/div>\n\t\t\t\t<\/div>\n\t\t<div class=\"elementor-element elementor-element-f56a500 e-flex e-con-boxed e-con e-parent\" data-id=\"f56a500\" data-element_type=\"container\" data-e-type=\"container\" data-settings=\"{&quot;jet_parallax_layout_list&quot;:[]}\">\n\t\t\t\t\t<div class=\"e-con-inner\">\n\t\t\t\t\t<\/div>\n\t\t\t\t<\/div>\n\t\t\t\t<\/div>","protected":false},"excerpt":{"rendered":"<p>Kursinhalte Modul 1\u200b Theorie Relevante Anatomie und Physiologie Pathologie: Akustikusneurinom, Neuritis \/ Neuropathia Vestibularis, Ototoxizit\u00e4t, Morbus Meni\u00e8re, Presbyvestibulopathie und gutartiger, paroxysmaler Lagerungsschwindel Medizinisch-technische Untersuchungen kennen, verstehen und interpretieren \u00a0 Praxis Untersuchung des Vestibularorgans: Diagnostische Tests bzw. Testbatterie mit hoher Zuverl\u00e4ssigkeit, um eine vestibul\u00e4re Schw\u00e4che\/St\u00f6rung festzustellen \u00dcbungen im Rahmen der vestibul\u00e4ren Rehabilitationstherapie: Die evidenzbasierte und effektive [&hellip;]<\/p>\n","protected":false},"author":11,"featured_media":0,"parent":111,"menu_order":0,"comment_status":"closed","ping_status":"closed","template":"","meta":{"_surecart_dashboard_logo_width":"180px","_surecart_dashboard_show_logo":true,"_surecart_dashboard_navigation_orders":true,"_surecart_dashboard_navigation_invoices":true,"_surecart_dashboard_navigation_subscriptions":true,"_surecart_dashboard_navigation_downloads":true,"_surecart_dashboard_navigation_billing":true,"_surecart_dashboard_navigation_account":true,"_jf_save_progress":"","iawp_total_views":1489,"footnotes":""},"class_list":["post-1108","page","type-page","status-publish","hentry"],"_links":{"self":[{"href":"https:\/\/ivrt.de\/en\/wp-json\/wp\/v2\/pages\/1108","targetHints":{"allow":["GET"]}}],"collection":[{"href":"https:\/\/ivrt.de\/en\/wp-json\/wp\/v2\/pages"}],"about":[{"href":"https:\/\/ivrt.de\/en\/wp-json\/wp\/v2\/types\/page"}],"author":[{"embeddable":true,"href":"https:\/\/ivrt.de\/en\/wp-json\/wp\/v2\/users\/11"}],"replies":[{"embeddable":true,"href":"https:\/\/ivrt.de\/en\/wp-json\/wp\/v2\/comments?post=1108"}],"version-history":[{"count":0,"href":"https:\/\/ivrt.de\/en\/wp-json\/wp\/v2\/pages\/1108\/revisions"}],"up":[{"embeddable":true,"href":"https:\/\/ivrt.de\/en\/wp-json\/wp\/v2\/pages\/111"}],"wp:attachment":[{"href":"https:\/\/ivrt.de\/en\/wp-json\/wp\/v2\/media?parent=1108"}],"curies":[{"name":"wp","href":"https:\/\/api.w.org\/{rel}","templated":true}]}}